{"id":14921,"date":"2024-02-20T22:39:19","date_gmt":"2024-02-20T21:39:19","guid":{"rendered":"https:\/\/pop-co.fr\/index.php\/product\/mug-minions-minions-et-banana\/"},"modified":"2025-07-29T10:14:47","modified_gmt":"2025-07-29T08:14:47","slug":"mug-minions-minions-et-banana","status":"publish","type":"product","link":"https:\/\/pop-co.fr\/index.php\/product\/mug-minions-minions-et-banana\/","title":{"rendered":"MUG &#8211; MINIONS &#8211; Minions et Banana"},"content":{"rendered":"<p>Beaucoup pr\u00e9f\u00e8rent le vendredi soir au lundi matin&#8230; et les Minions n&rsquo;y font pas exception sur ce mug Minions par ABYstyle ! rnrn- Mug en c\u00e9ramique de haute qualit\u00e9. Contenance standard (320 ml) rn- Packaging : bo\u00eete cartonn\u00e9e noire permettant de prot\u00e9ger le mug tout en assurant une visibilit\u00e9 \u00e0 360\u00b0 rn- Convient aux micro-ondes et lave-vaisselle.rn<\/p>\n","protected":false},"excerpt":{"rendered":"<p>Beaucoup pr\u00e9f\u00e8rent le vendredi soir au lundi matin&#8230; et les Minions n&rsquo;y font pas exception sur ce mug Minions par ABYstyle ! rnrn- Mug en c\u00e9ramique de haute qualit\u00e9. Contenance standard (320 ml) rn- Packaging : bo\u00eete cartonn\u00e9e noire permettant de prot\u00e9ger le mug tout en assurant une visibilit\u00e9 \u00e0 360\u00b0 rn- Convient aux micro-ondes [&hellip;]<\/p>\n","protected":false},"featured_media":355429,"comment_status":"open","ping_status":"closed","template":"","meta":[],"product_cat":[29],"product_tag":[],"aioseo_notices":[],"jetpack_sharing_enabled":true,"_links":{"self":[{"href":"https:\/\/pop-co.fr\/index.php\/wp-json\/wp\/v2\/product\/14921"}],"collection":[{"href":"https:\/\/pop-co.fr\/index.php\/wp-json\/wp\/v2\/product"}],"about":[{"href":"https:\/\/pop-co.fr\/index.php\/wp-json\/wp\/v2\/types\/product"}],"replies":[{"embeddable":true,"href":"https:\/\/pop-co.fr\/index.php\/wp-json\/wp\/v2\/comments?post=14921"}],"version-history":[{"count":1,"href":"https:\/\/pop-co.fr\/index.php\/wp-json\/wp\/v2\/product\/14921\/revisions"}],"predecessor-version":[{"id":355438,"href":"https:\/\/pop-co.fr\/index.php\/wp-json\/wp\/v2\/product\/14921\/revisions\/355438"}],"wp:featuredmedia":[{"embeddable":true,"href":"https:\/\/pop-co.fr\/index.php\/wp-json\/wp\/v2\/media\/355429"}],"wp:attachment":[{"href":"https:\/\/pop-co.fr\/index.php\/wp-json\/wp\/v2\/media?parent=14921"}],"wp:term":[{"taxonomy":"product_cat","embeddable":true,"href":"https:\/\/pop-co.fr\/index.php\/wp-json\/wp\/v2\/product_cat?post=14921"},{"taxonomy":"product_tag","embeddable":true,"href":"https:\/\/pop-co.fr\/index.php\/wp-json\/wp\/v2\/product_tag?post=14921"}],"curies":[{"name":"wp","href":"https:\/\/api.w.org\/{rel}","templated":true}]}}