{"id":14952,"date":"2024-02-20T22:39:50","date_gmt":"2024-02-20T21:39:50","guid":{"rendered":"https:\/\/pop-co.fr\/index.php\/product\/bougie-dragon-ball-boules-de-cristal-et-shenron\/"},"modified":"2025-07-29T10:14:41","modified_gmt":"2025-07-29T08:14:41","slug":"bougie-dragon-ball-boules-de-cristal-et-shenron","status":"publish","type":"product","link":"https:\/\/pop-co.fr\/index.php\/product\/bougie-dragon-ball-boules-de-cristal-et-shenron\/","title":{"rendered":"BOUGIE &#8211; DRAGON BALL &#8211; Boules de cristal et Shenron"},"content":{"rendered":"<p>Avec cette bougie Dragon Ball par ABYstyle repr\u00e9sentant le dragon Shenron et les 7 boules de cristal, faites un voeu et \u00e9teignez la flamme, ou alors vous pouvez aussi l&rsquo;utiliser pour d\u00e9corer et \u00e9clairer votre int\u00e9rieur. <\/p>\n<p>&#8211; Mati\u00e8re : pot en verre color\u00e9, bougie en cire de paraffine<br \/>\n&#8211; Cire color\u00e9e, non parfum\u00e9e<br \/>\n&#8211; 30 heures de combustion<br \/>\n&#8211; Dimensions : diam : 8 x H 9 cm<\/p>\n","protected":false},"excerpt":{"rendered":"<p>Avec cette bougie Dragon Ball par ABYstyle repr\u00e9sentant le dragon Shenron et les 7 boules de cristal, faites un voeu et \u00e9teignez la flamme, ou alors vous pouvez aussi l&rsquo;utiliser pour d\u00e9corer et \u00e9clairer votre int\u00e9rieur. &#8211; Mati\u00e8re : pot en verre color\u00e9, bougie en cire de paraffine &#8211; Cire color\u00e9e, non parfum\u00e9e &#8211; 30 [&hellip;]<\/p>\n","protected":false},"featured_media":355425,"comment_status":"open","ping_status":"closed","template":"","meta":[],"product_cat":[17,23],"product_tag":[],"aioseo_notices":[],"jetpack_sharing_enabled":true,"_links":{"self":[{"href":"https:\/\/pop-co.fr\/index.php\/wp-json\/wp\/v2\/product\/14952"}],"collection":[{"href":"https:\/\/pop-co.fr\/index.php\/wp-json\/wp\/v2\/product"}],"about":[{"href":"https:\/\/pop-co.fr\/index.php\/wp-json\/wp\/v2\/types\/product"}],"replies":[{"embeddable":true,"href":"https:\/\/pop-co.fr\/index.php\/wp-json\/wp\/v2\/comments?post=14952"}],"version-history":[{"count":0,"href":"https:\/\/pop-co.fr\/index.php\/wp-json\/wp\/v2\/product\/14952\/revisions"}],"wp:featuredmedia":[{"embeddable":true,"href":"https:\/\/pop-co.fr\/index.php\/wp-json\/wp\/v2\/media\/355425"}],"wp:attachment":[{"href":"https:\/\/pop-co.fr\/index.php\/wp-json\/wp\/v2\/media?parent=14952"}],"wp:term":[{"taxonomy":"product_cat","embeddable":true,"href":"https:\/\/pop-co.fr\/index.php\/wp-json\/wp\/v2\/product_cat?post=14952"},{"taxonomy":"product_tag","embeddable":true,"href":"https:\/\/pop-co.fr\/index.php\/wp-json\/wp\/v2\/product_tag?post=14952"}],"curies":[{"name":"wp","href":"https:\/\/api.w.org\/{rel}","templated":true}]}}