{"id":14976,"date":"2024-02-20T22:40:12","date_gmt":"2024-02-20T21:40:12","guid":{"rendered":"https:\/\/pop-co.fr\/index.php\/product\/death-note-l-dans-fauteuil-figurine-sfc-15cm\/"},"modified":"2025-06-28T15:42:56","modified_gmt":"2025-06-28T13:42:56","slug":"death-note-l-dans-fauteuil-figurine-sfc-15cm","status":"publish","type":"product","link":"https:\/\/pop-co.fr\/index.php\/product\/death-note-l-dans-fauteuil-figurine-sfc-15cm\/","title":{"rendered":"DEATH NOTE &#8211; L dans fauteuil &#8211; Figurine SFC 15cm"},"content":{"rendered":"<p>L, ou le d\u00e9tective le plus talentueux du manga Death Note, vient rejoindre la gamme de figurines SFC. S&rsquo;acharnant \u00e0 vouloir r\u00e9soudre l&rsquo;affaire Kira, il mettra toute son intelligence en oeuvre pour incarc\u00e9rer l&rsquo;assassin. <\/p>\n<p>&#8211; Figurine en PVC<br \/>\n&#8211; Packaging \u00e0 la licence avec des effets visuels sur la vitre pour plus de dynamisme.<br \/>\n&#8211; Produit 100 % officiel<br \/>\n&#8211; Figurine de la gamme Super Figure Collection<br \/>\n&#8211; Dimensions : Hauteur environ 15 cm<br \/>\n&#8211; Echelle : 1\/10\u00e8me<\/p>\n","protected":false},"excerpt":{"rendered":"<p>L, ou le d\u00e9tective le plus talentueux du manga Death Note, vient rejoindre la gamme de figurines SFC. S&rsquo;acharnant \u00e0 vouloir r\u00e9soudre l&rsquo;affaire Kira, il mettra toute son intelligence en oeuvre pour incarc\u00e9rer l&rsquo;assassin. &#8211; Figurine en PVC &#8211; Packaging \u00e0 la licence avec des effets visuels sur la vitre pour plus de dynamisme. &#8211; [&hellip;]<\/p>\n","protected":false},"featured_media":152657,"comment_status":"open","ping_status":"closed","template":"","meta":[],"product_cat":[18,17],"product_tag":[],"aioseo_notices":[],"jetpack_sharing_enabled":true,"_links":{"self":[{"href":"https:\/\/pop-co.fr\/index.php\/wp-json\/wp\/v2\/product\/14976"}],"collection":[{"href":"https:\/\/pop-co.fr\/index.php\/wp-json\/wp\/v2\/product"}],"about":[{"href":"https:\/\/pop-co.fr\/index.php\/wp-json\/wp\/v2\/types\/product"}],"replies":[{"embeddable":true,"href":"https:\/\/pop-co.fr\/index.php\/wp-json\/wp\/v2\/comments?post=14976"}],"version-history":[{"count":0,"href":"https:\/\/pop-co.fr\/index.php\/wp-json\/wp\/v2\/product\/14976\/revisions"}],"wp:featuredmedia":[{"embeddable":true,"href":"https:\/\/pop-co.fr\/index.php\/wp-json\/wp\/v2\/media\/152657"}],"wp:attachment":[{"href":"https:\/\/pop-co.fr\/index.php\/wp-json\/wp\/v2\/media?parent=14976"}],"wp:term":[{"taxonomy":"product_cat","embeddable":true,"href":"https:\/\/pop-co.fr\/index.php\/wp-json\/wp\/v2\/product_cat?post=14976"},{"taxonomy":"product_tag","embeddable":true,"href":"https:\/\/pop-co.fr\/index.php\/wp-json\/wp\/v2\/product_tag?post=14976"}],"curies":[{"name":"wp","href":"https:\/\/api.w.org\/{rel}","templated":true}]}}