{"id":15033,"date":"2024-02-20T22:41:25","date_gmt":"2024-02-20T21:41:25","guid":{"rendered":"https:\/\/pop-co.fr\/index.php\/product\/sac-a-dos-marvel-spiderman\/"},"modified":"2025-06-28T15:43:42","modified_gmt":"2025-06-28T13:43:42","slug":"sac-a-dos-marvel-spiderman","status":"publish","type":"product","link":"https:\/\/pop-co.fr\/index.php\/product\/sac-a-dos-marvel-spiderman\/","title":{"rendered":"SAC A DOS &#8211; MARVEL &#8211; Spiderman"},"content":{"rendered":"<p>Ce sac \u00e0 dos geek Marvel, sous licence officielle, met \u00e0 l&rsquo;honneur le super-h\u00e9ros Spiderman.<\/p>\n<p>Caract\u00e9ristiques :<\/p>\n<p>Sous licence officielle Marvel.<\/p>\n<p>Sac \u00e0 dos comics Spiderman Marvel.<\/p>\n<p>Fermetures Eclair.<\/p>\n<p>Grand compartiment et poche sur l&rsquo;avant.<\/p>\n<p>Bretelles rembourr\u00e9es r\u00e9glables.<\/p>\n<p>Dimensions approximatives du produit : 41 x 30 x 18 cm.<\/p>\n","protected":false},"excerpt":{"rendered":"<p>Ce sac \u00e0 dos geek Marvel, sous licence officielle, met \u00e0 l&rsquo;honneur le super-h\u00e9ros Spiderman. Caract\u00e9ristiques : Sous licence officielle Marvel. Sac \u00e0 dos comics Spiderman Marvel. Fermetures Eclair. Grand compartiment et poche sur l&rsquo;avant. Bretelles rembourr\u00e9es r\u00e9glables. Dimensions approximatives du produit : 41 x 30 x 18 cm.<\/p>\n","protected":false},"featured_media":173000,"comment_status":"open","ping_status":"closed","template":"","meta":[],"product_cat":[70,47],"product_tag":[],"aioseo_notices":[],"jetpack_sharing_enabled":true,"_links":{"self":[{"href":"https:\/\/pop-co.fr\/index.php\/wp-json\/wp\/v2\/product\/15033"}],"collection":[{"href":"https:\/\/pop-co.fr\/index.php\/wp-json\/wp\/v2\/product"}],"about":[{"href":"https:\/\/pop-co.fr\/index.php\/wp-json\/wp\/v2\/types\/product"}],"replies":[{"embeddable":true,"href":"https:\/\/pop-co.fr\/index.php\/wp-json\/wp\/v2\/comments?post=15033"}],"version-history":[{"count":0,"href":"https:\/\/pop-co.fr\/index.php\/wp-json\/wp\/v2\/product\/15033\/revisions"}],"wp:featuredmedia":[{"embeddable":true,"href":"https:\/\/pop-co.fr\/index.php\/wp-json\/wp\/v2\/media\/173000"}],"wp:attachment":[{"href":"https:\/\/pop-co.fr\/index.php\/wp-json\/wp\/v2\/media?parent=15033"}],"wp:term":[{"taxonomy":"product_cat","embeddable":true,"href":"https:\/\/pop-co.fr\/index.php\/wp-json\/wp\/v2\/product_cat?post=15033"},{"taxonomy":"product_tag","embeddable":true,"href":"https:\/\/pop-co.fr\/index.php\/wp-json\/wp\/v2\/product_tag?post=15033"}],"curies":[{"name":"wp","href":"https:\/\/api.w.org\/{rel}","templated":true}]}}