{"id":1507,"date":"2024-02-20T17:41:02","date_gmt":"2024-02-20T16:41:02","guid":{"rendered":"https:\/\/pop-co.fr\/index.php\/product\/calice-le-seigneur-des-anneaux-rohan\/"},"modified":"2025-07-29T11:23:48","modified_gmt":"2025-07-29T09:23:48","slug":"calice-le-seigneur-des-anneaux-rohan","status":"publish","type":"product","link":"https:\/\/pop-co.fr\/index.php\/product\/calice-le-seigneur-des-anneaux-rohan\/","title":{"rendered":"CALICE &#8211; LE SEIGNEUR DES ANNEAUX &#8211; Rohan"},"content":{"rendered":"<p>&#8211; Calice peint \u00e0 la main sous licence officielle<br \/>\n&#8211; Mati\u00e8re : r\u00e9sine<br \/>\n&#8211; Taille env. 19,5 cm<\/p>\n<p>Ne pas mettre au lave-vaisselle.<\/p>\n","protected":false},"excerpt":{"rendered":"<p>&#8211; Calice peint \u00e0 la main sous licence officielle &#8211; Mati\u00e8re : r\u00e9sine &#8211; Taille env. 19,5 cm Ne pas mettre au lave-vaisselle.<\/p>\n","protected":false},"featured_media":356370,"comment_status":"open","ping_status":"closed","template":"","meta":[],"product_cat":[39],"product_tag":[],"aioseo_notices":[],"jetpack_sharing_enabled":true,"_links":{"self":[{"href":"https:\/\/pop-co.fr\/index.php\/wp-json\/wp\/v2\/product\/1507"}],"collection":[{"href":"https:\/\/pop-co.fr\/index.php\/wp-json\/wp\/v2\/product"}],"about":[{"href":"https:\/\/pop-co.fr\/index.php\/wp-json\/wp\/v2\/types\/product"}],"replies":[{"embeddable":true,"href":"https:\/\/pop-co.fr\/index.php\/wp-json\/wp\/v2\/comments?post=1507"}],"version-history":[{"count":0,"href":"https:\/\/pop-co.fr\/index.php\/wp-json\/wp\/v2\/product\/1507\/revisions"}],"wp:featuredmedia":[{"embeddable":true,"href":"https:\/\/pop-co.fr\/index.php\/wp-json\/wp\/v2\/media\/356370"}],"wp:attachment":[{"href":"https:\/\/pop-co.fr\/index.php\/wp-json\/wp\/v2\/media?parent=1507"}],"wp:term":[{"taxonomy":"product_cat","embeddable":true,"href":"https:\/\/pop-co.fr\/index.php\/wp-json\/wp\/v2\/product_cat?post=1507"},{"taxonomy":"product_tag","embeddable":true,"href":"https:\/\/pop-co.fr\/index.php\/wp-json\/wp\/v2\/product_tag?post=1507"}],"curies":[{"name":"wp","href":"https:\/\/api.w.org\/{rel}","templated":true}]}}