{"id":15107,"date":"2024-02-20T22:42:37","date_gmt":"2024-02-20T21:42:37","guid":{"rendered":"https:\/\/pop-co.fr\/index.php\/product\/porte-cartes-pokemon-pikachu-repos\/"},"modified":"2025-06-28T15:44:04","modified_gmt":"2025-06-28T13:44:04","slug":"porte-cartes-pokemon-pikachu-repos","status":"publish","type":"product","link":"https:\/\/pop-co.fr\/index.php\/product\/porte-cartes-pokemon-pikachu-repos\/","title":{"rendered":"PORTE CARTES &#8211; POKEMON &#8211; Pikachu repos"},"content":{"rendered":"<p>Impossible de vous voler vos cartes sans r\u00e9veiller Pikachu et se prendre une d\u00e9charge avec ce g\u00e9nial porte-cartes Pok\u00e9mon !<\/p>\n<p>&#8211; Porte-cartes avec deux compartiments pour emporter toutes vos cartes.<br \/>\n&#8211; Parfait pour vos cartes de voyage, cartes de cr\u00e9dit, cartes de fid\u00e9lit\u00e9 et beaucoup d&rsquo;autres.<br \/>\n&#8211; Dimensions : 21 x 7,1 cm.<\/p>\n","protected":false},"excerpt":{"rendered":"<p>Impossible de vous voler vos cartes sans r\u00e9veiller Pikachu et se prendre une d\u00e9charge avec ce g\u00e9nial porte-cartes Pok\u00e9mon ! &#8211; Porte-cartes avec deux compartiments pour emporter toutes vos cartes. &#8211; Parfait pour vos cartes de voyage, cartes de cr\u00e9dit, cartes de fid\u00e9lit\u00e9 et beaucoup d&rsquo;autres. &#8211; Dimensions : 21 x 7,1 cm.<\/p>\n","protected":false},"featured_media":152684,"comment_status":"open","ping_status":"closed","template":"","meta":[],"product_cat":[34,20],"product_tag":[],"aioseo_notices":[],"jetpack_sharing_enabled":true,"_links":{"self":[{"href":"https:\/\/pop-co.fr\/index.php\/wp-json\/wp\/v2\/product\/15107"}],"collection":[{"href":"https:\/\/pop-co.fr\/index.php\/wp-json\/wp\/v2\/product"}],"about":[{"href":"https:\/\/pop-co.fr\/index.php\/wp-json\/wp\/v2\/types\/product"}],"replies":[{"embeddable":true,"href":"https:\/\/pop-co.fr\/index.php\/wp-json\/wp\/v2\/comments?post=15107"}],"version-history":[{"count":0,"href":"https:\/\/pop-co.fr\/index.php\/wp-json\/wp\/v2\/product\/15107\/revisions"}],"wp:featuredmedia":[{"embeddable":true,"href":"https:\/\/pop-co.fr\/index.php\/wp-json\/wp\/v2\/media\/152684"}],"wp:attachment":[{"href":"https:\/\/pop-co.fr\/index.php\/wp-json\/wp\/v2\/media?parent=15107"}],"wp:term":[{"taxonomy":"product_cat","embeddable":true,"href":"https:\/\/pop-co.fr\/index.php\/wp-json\/wp\/v2\/product_cat?post=15107"},{"taxonomy":"product_tag","embeddable":true,"href":"https:\/\/pop-co.fr\/index.php\/wp-json\/wp\/v2\/product_tag?post=15107"}],"curies":[{"name":"wp","href":"https:\/\/api.w.org\/{rel}","templated":true}]}}