{"id":15114,"date":"2024-02-20T22:42:45","date_gmt":"2024-02-20T21:42:45","guid":{"rendered":"https:\/\/pop-co.fr\/index.php\/product\/magnet-one-piece-skull\/"},"modified":"2025-07-29T10:14:36","modified_gmt":"2025-07-29T08:14:36","slug":"magnet-one-piece-skull","status":"publish","type":"product","link":"https:\/\/pop-co.fr\/index.php\/product\/magnet-one-piece-skull\/","title":{"rendered":"MAGNET &#8211; ONE PIECE &#8211; Skull"},"content":{"rendered":"<p>Que vous soyez affam\u00e9 comme Luffy ou bien Chef raffin\u00e9 comme Sanji, votre r\u00e9frig\u00e9rateur a besoin de compagnie ! L&rsquo;\u00e9tendard de l&rsquo;\u00e9quipage du Chapeau de Paille sera la parfaite d\u00e9coration pour votre maison gr\u00e2ce \u00e0 cet aimant One Piece !<\/p>\n<p>&#8211; M\u00e9tal et aimant de qualit\u00e9<br \/>\n&#8211; Utilisable sur toutes surfaces m\u00e9talliques. Id\u00e9al pour d\u00e9corer votre r\u00e9frig\u00e9rateur !<br \/>\n&#8211; Excellente id\u00e9e de cadeau pour les fans de One Piece.<br \/>\n&#8211; Produit sous licence 100% officiel<br \/>\n&#8211; Dimensions : 5,5 cm x 5,2 cm<\/p>\n","protected":false},"excerpt":{"rendered":"<p>Que vous soyez affam\u00e9 comme Luffy ou bien Chef raffin\u00e9 comme Sanji, votre r\u00e9frig\u00e9rateur a besoin de compagnie ! L&rsquo;\u00e9tendard de l&rsquo;\u00e9quipage du Chapeau de Paille sera la parfaite d\u00e9coration pour votre maison gr\u00e2ce \u00e0 cet aimant One Piece ! &#8211; M\u00e9tal et aimant de qualit\u00e9 &#8211; Utilisable sur toutes surfaces m\u00e9talliques. Id\u00e9al pour d\u00e9corer [&hellip;]<\/p>\n","protected":false},"featured_media":355421,"comment_status":"open","ping_status":"closed","template":"","meta":[],"product_cat":[17,22],"product_tag":[],"aioseo_notices":[],"jetpack_sharing_enabled":true,"_links":{"self":[{"href":"https:\/\/pop-co.fr\/index.php\/wp-json\/wp\/v2\/product\/15114"}],"collection":[{"href":"https:\/\/pop-co.fr\/index.php\/wp-json\/wp\/v2\/product"}],"about":[{"href":"https:\/\/pop-co.fr\/index.php\/wp-json\/wp\/v2\/types\/product"}],"replies":[{"embeddable":true,"href":"https:\/\/pop-co.fr\/index.php\/wp-json\/wp\/v2\/comments?post=15114"}],"version-history":[{"count":0,"href":"https:\/\/pop-co.fr\/index.php\/wp-json\/wp\/v2\/product\/15114\/revisions"}],"wp:featuredmedia":[{"embeddable":true,"href":"https:\/\/pop-co.fr\/index.php\/wp-json\/wp\/v2\/media\/355421"}],"wp:attachment":[{"href":"https:\/\/pop-co.fr\/index.php\/wp-json\/wp\/v2\/media?parent=15114"}],"wp:term":[{"taxonomy":"product_cat","embeddable":true,"href":"https:\/\/pop-co.fr\/index.php\/wp-json\/wp\/v2\/product_cat?post=15114"},{"taxonomy":"product_tag","embeddable":true,"href":"https:\/\/pop-co.fr\/index.php\/wp-json\/wp\/v2\/product_tag?post=15114"}],"curies":[{"name":"wp","href":"https:\/\/api.w.org\/{rel}","templated":true}]}}