{"id":1522,"date":"2024-02-20T17:41:26","date_gmt":"2024-02-20T16:41:26","guid":{"rendered":"https:\/\/pop-co.fr\/index.php\/product\/wednesday-pop-n1309-mercredi-addams\/"},"modified":"2025-09-20T10:51:52","modified_gmt":"2025-09-20T08:51:52","slug":"wednesday-pop-n1309-mercredi-addams","status":"publish","type":"product","link":"https:\/\/pop-co.fr\/index.php\/product\/wednesday-pop-n1309-mercredi-addams\/","title":{"rendered":"WEDNESDAY &#8211; POP N\u00b01309 Mercredi Addams"},"content":{"rendered":"<p>Tout droit sortie de l&rsquo;imagination de Tim Burton, la prochaine s\u00e9rie Netflix Mercredi suivra les ann\u00e9es de Mercredi Addams en tant qu&rsquo;\u00e9tudiante, alors qu&rsquo;elle tente de ma\u00eetriser ses capacit\u00e9s psychiques naissantes et de r\u00e9soudre le myst\u00e8re qui entoure ses parents.<\/p>\n<p>Mercredi a l&rsquo;air particuli\u00e8rement peu int\u00e9ress\u00e9e avec son expression faciale indiff\u00e9rente, sa posture enfonc\u00e9e et son uniforme gris de lyc\u00e9enne. Commandez d\u00e8s aujourd&rsquo;hui ce personnage morbide et gothique de la Famille Addams pour votre collection Funko et embrassez votre c\u00f4t\u00e9 sombre !<\/p>\n","protected":false},"excerpt":{"rendered":"<p>Tout droit sortie de l&rsquo;imagination de Tim Burton, la prochaine s\u00e9rie Netflix Mercredi suivra les ann\u00e9es de Mercredi Addams en tant qu&rsquo;\u00e9tudiante, alors qu&rsquo;elle tente de ma\u00eetriser ses capacit\u00e9s psychiques naissantes et de r\u00e9soudre le myst\u00e8re qui entoure ses parents. Mercredi a l&rsquo;air particuli\u00e8rement peu int\u00e9ress\u00e9e avec son expression faciale indiff\u00e9rente, sa posture enfonc\u00e9e et [&hellip;]<\/p>\n","protected":false},"featured_media":358702,"comment_status":"open","ping_status":"closed","template":"","meta":[],"product_cat":[39,64],"product_tag":[],"aioseo_notices":[],"jetpack_sharing_enabled":true,"_links":{"self":[{"href":"https:\/\/pop-co.fr\/index.php\/wp-json\/wp\/v2\/product\/1522"}],"collection":[{"href":"https:\/\/pop-co.fr\/index.php\/wp-json\/wp\/v2\/product"}],"about":[{"href":"https:\/\/pop-co.fr\/index.php\/wp-json\/wp\/v2\/types\/product"}],"replies":[{"embeddable":true,"href":"https:\/\/pop-co.fr\/index.php\/wp-json\/wp\/v2\/comments?post=1522"}],"version-history":[{"count":0,"href":"https:\/\/pop-co.fr\/index.php\/wp-json\/wp\/v2\/product\/1522\/revisions"}],"wp:featuredmedia":[{"embeddable":true,"href":"https:\/\/pop-co.fr\/index.php\/wp-json\/wp\/v2\/media\/358702"}],"wp:attachment":[{"href":"https:\/\/pop-co.fr\/index.php\/wp-json\/wp\/v2\/media?parent=1522"}],"wp:term":[{"taxonomy":"product_cat","embeddable":true,"href":"https:\/\/pop-co.fr\/index.php\/wp-json\/wp\/v2\/product_cat?post=1522"},{"taxonomy":"product_tag","embeddable":true,"href":"https:\/\/pop-co.fr\/index.php\/wp-json\/wp\/v2\/product_tag?post=1522"}],"curies":[{"name":"wp","href":"https:\/\/api.w.org\/{rel}","templated":true}]}}