{"id":15268,"date":"2024-02-20T22:46:03","date_gmt":"2024-02-20T21:46:03","guid":{"rendered":"https:\/\/pop-co.fr\/index.php\/product\/magnet-naruto-bandeau-konoha\/"},"modified":"2025-07-29T10:14:32","modified_gmt":"2025-07-29T08:14:32","slug":"magnet-naruto-bandeau-konoha","status":"publish","type":"product","link":"https:\/\/pop-co.fr\/index.php\/product\/magnet-naruto-bandeau-konoha\/","title":{"rendered":"MAGNET &#8211; NARUTO &#8211; Bandeau Konoha"},"content":{"rendered":"<p>Retrouvez la c\u00e9l\u00e8bre plaque en m\u00e9tal avec l\u2019embl\u00e8me de Konoha qu\u2019arborent les ninjas du village sur leur bandeau avec cet aimant Naruto Shippuden par ABYstyle. <\/p>\n<p>&#8211; M\u00e9tal et aimant de qualit\u00e9<br \/>\n&#8211; Utilisable sur toutes surfaces m\u00e9talliques. Id\u00e9al pour d\u00e9corer votre r\u00e9frig\u00e9rateur !<br \/>\n&#8211; Excellente id\u00e9e de cadeau pour les fans de Naruto.<br \/>\n&#8211; Produit sous licence 100% officiel<br \/>\n&#8211; Dimensions : 5,5 cm x 2,7 cm<\/p>\n","protected":false},"excerpt":{"rendered":"<p>Retrouvez la c\u00e9l\u00e8bre plaque en m\u00e9tal avec l\u2019embl\u00e8me de Konoha qu\u2019arborent les ninjas du village sur leur bandeau avec cet aimant Naruto Shippuden par ABYstyle. &#8211; M\u00e9tal et aimant de qualit\u00e9 &#8211; Utilisable sur toutes surfaces m\u00e9talliques. Id\u00e9al pour d\u00e9corer votre r\u00e9frig\u00e9rateur ! &#8211; Excellente id\u00e9e de cadeau pour les fans de Naruto. &#8211; Produit [&hellip;]<\/p>\n","protected":false},"featured_media":355419,"comment_status":"open","ping_status":"closed","template":"","meta":[],"product_cat":[17,21],"product_tag":[],"aioseo_notices":[],"jetpack_sharing_enabled":true,"_links":{"self":[{"href":"https:\/\/pop-co.fr\/index.php\/wp-json\/wp\/v2\/product\/15268"}],"collection":[{"href":"https:\/\/pop-co.fr\/index.php\/wp-json\/wp\/v2\/product"}],"about":[{"href":"https:\/\/pop-co.fr\/index.php\/wp-json\/wp\/v2\/types\/product"}],"replies":[{"embeddable":true,"href":"https:\/\/pop-co.fr\/index.php\/wp-json\/wp\/v2\/comments?post=15268"}],"version-history":[{"count":0,"href":"https:\/\/pop-co.fr\/index.php\/wp-json\/wp\/v2\/product\/15268\/revisions"}],"wp:featuredmedia":[{"embeddable":true,"href":"https:\/\/pop-co.fr\/index.php\/wp-json\/wp\/v2\/media\/355419"}],"wp:attachment":[{"href":"https:\/\/pop-co.fr\/index.php\/wp-json\/wp\/v2\/media?parent=15268"}],"wp:term":[{"taxonomy":"product_cat","embeddable":true,"href":"https:\/\/pop-co.fr\/index.php\/wp-json\/wp\/v2\/product_cat?post=15268"},{"taxonomy":"product_tag","embeddable":true,"href":"https:\/\/pop-co.fr\/index.php\/wp-json\/wp\/v2\/product_tag?post=15268"}],"curies":[{"name":"wp","href":"https:\/\/api.w.org\/{rel}","templated":true}]}}