{"id":15312,"date":"2024-02-20T22:46:44","date_gmt":"2024-02-20T21:46:44","guid":{"rendered":"https:\/\/pop-co.fr\/index.php\/product\/porte-cles-league-of-legend-lanterne-thresh-fluo\/"},"modified":"2025-06-28T15:45:54","modified_gmt":"2025-06-28T13:45:54","slug":"porte-cles-league-of-legend-lanterne-thresh-fluo","status":"publish","type":"product","link":"https:\/\/pop-co.fr\/index.php\/product\/porte-cles-league-of-legend-lanterne-thresh-fluo\/","title":{"rendered":"PORTE CLES &#8211; LEAGUE OF LEGEND &#8211; Lanterne thresh fluo"},"content":{"rendered":"<p>Eclairez votre lane d&rsquo;une lueur fantomatique avec ce porte-cl\u00e9s premium 3D phosphorescent League of Legends par ABYstyle !<br \/>\nThresh y emprisonne les \u00e2mes de ses victimes afin de mettre leurs corps et leurs esprits \u00e0 l&rsquo;agonie &#8230; <\/p>\n<p>&#8211; Porte-cl\u00e9s en plastique et m\u00e9tal<br \/>\n&#8211; Porte-cl\u00e9s phosphorescent !<br \/>\n&#8211; Dimensions : H. 4,0 cm x L. 2,3 cm x D. 2,3 cm<\/p>\n","protected":false},"excerpt":{"rendered":"<p>Eclairez votre lane d&rsquo;une lueur fantomatique avec ce porte-cl\u00e9s premium 3D phosphorescent League of Legends par ABYstyle ! Thresh y emprisonne les \u00e2mes de ses victimes afin de mettre leurs corps et leurs esprits \u00e0 l&rsquo;agonie &#8230; &#8211; Porte-cl\u00e9s en plastique et m\u00e9tal &#8211; Porte-cl\u00e9s phosphorescent ! &#8211; Dimensions : H. 4,0 cm x L. [&hellip;]<\/p>\n","protected":false},"featured_media":302242,"comment_status":"open","ping_status":"closed","template":"","meta":[],"product_cat":[34],"product_tag":[],"aioseo_notices":[],"jetpack_sharing_enabled":true,"_links":{"self":[{"href":"https:\/\/pop-co.fr\/index.php\/wp-json\/wp\/v2\/product\/15312"}],"collection":[{"href":"https:\/\/pop-co.fr\/index.php\/wp-json\/wp\/v2\/product"}],"about":[{"href":"https:\/\/pop-co.fr\/index.php\/wp-json\/wp\/v2\/types\/product"}],"replies":[{"embeddable":true,"href":"https:\/\/pop-co.fr\/index.php\/wp-json\/wp\/v2\/comments?post=15312"}],"version-history":[{"count":0,"href":"https:\/\/pop-co.fr\/index.php\/wp-json\/wp\/v2\/product\/15312\/revisions"}],"wp:featuredmedia":[{"embeddable":true,"href":"https:\/\/pop-co.fr\/index.php\/wp-json\/wp\/v2\/media\/302242"}],"wp:attachment":[{"href":"https:\/\/pop-co.fr\/index.php\/wp-json\/wp\/v2\/media?parent=15312"}],"wp:term":[{"taxonomy":"product_cat","embeddable":true,"href":"https:\/\/pop-co.fr\/index.php\/wp-json\/wp\/v2\/product_cat?post=15312"},{"taxonomy":"product_tag","embeddable":true,"href":"https:\/\/pop-co.fr\/index.php\/wp-json\/wp\/v2\/product_tag?post=15312"}],"curies":[{"name":"wp","href":"https:\/\/api.w.org\/{rel}","templated":true}]}}