{"id":1537,"date":"2024-02-20T17:41:41","date_gmt":"2024-02-20T16:41:41","guid":{"rendered":"https:\/\/pop-co.fr\/index.php\/product\/chibi-posters-x2-tokyo-revengers-toman\/"},"modified":"2025-06-28T13:09:27","modified_gmt":"2025-06-28T11:09:27","slug":"chibi-posters-x2-tokyo-revengers-toman","status":"publish","type":"product","link":"https:\/\/pop-co.fr\/index.php\/product\/chibi-posters-x2-tokyo-revengers-toman\/","title":{"rendered":"CHIBI POSTERS X2 &#8211; TOKYO REVENGERS &#8211; Toman"},"content":{"rendered":"<p>Agissez comme un d\u00e9linquant et mettez de l&rsquo;art cool sur vos murs avec ce set de deux chibi posters par GB eye ! Le pack comprend deux chibi posters imprim\u00e9s sur du papier brillant, l&rsquo;un repr\u00e9sentant Mikey et Draken et l&rsquo;autre le gang du Tokyo Manji. <\/p>\n<p>&#8211; Grammage exceptionnel exclusif GB eye : 170 g\/m\u00b2 sur papier brillant. Impression haute qualit\u00e9 en offset.<br \/>\n&#8211; 2 posters emball\u00e9s dans un \u00e9tui carton \u00e0 la licence.<br \/>\n&#8211; Dimensions : 52 cm x 38 cm<\/p>\n","protected":false},"excerpt":{"rendered":"<p>Agissez comme un d\u00e9linquant et mettez de l&rsquo;art cool sur vos murs avec ce set de deux chibi posters par GB eye ! Le pack comprend deux chibi posters imprim\u00e9s sur du papier brillant, l&rsquo;un repr\u00e9sentant Mikey et Draken et l&rsquo;autre le gang du Tokyo Manji. &#8211; Grammage exceptionnel exclusif GB eye : 170 g\/m\u00b2 [&hellip;]<\/p>\n","protected":false},"featured_media":350501,"comment_status":"open","ping_status":"closed","template":"","meta":[],"product_cat":[76],"product_tag":[],"aioseo_notices":[],"jetpack_sharing_enabled":true,"_links":{"self":[{"href":"https:\/\/pop-co.fr\/index.php\/wp-json\/wp\/v2\/product\/1537"}],"collection":[{"href":"https:\/\/pop-co.fr\/index.php\/wp-json\/wp\/v2\/product"}],"about":[{"href":"https:\/\/pop-co.fr\/index.php\/wp-json\/wp\/v2\/types\/product"}],"replies":[{"embeddable":true,"href":"https:\/\/pop-co.fr\/index.php\/wp-json\/wp\/v2\/comments?post=1537"}],"version-history":[{"count":0,"href":"https:\/\/pop-co.fr\/index.php\/wp-json\/wp\/v2\/product\/1537\/revisions"}],"wp:featuredmedia":[{"embeddable":true,"href":"https:\/\/pop-co.fr\/index.php\/wp-json\/wp\/v2\/media\/350501"}],"wp:attachment":[{"href":"https:\/\/pop-co.fr\/index.php\/wp-json\/wp\/v2\/media?parent=1537"}],"wp:term":[{"taxonomy":"product_cat","embeddable":true,"href":"https:\/\/pop-co.fr\/index.php\/wp-json\/wp\/v2\/product_cat?post=1537"},{"taxonomy":"product_tag","embeddable":true,"href":"https:\/\/pop-co.fr\/index.php\/wp-json\/wp\/v2\/product_tag?post=1537"}],"curies":[{"name":"wp","href":"https:\/\/api.w.org\/{rel}","templated":true}]}}