{"id":153833,"date":"2024-08-29T18:32:21","date_gmt":"2024-08-29T16:32:21","guid":{"rendered":"https:\/\/pop-co.fr\/index.php\/product\/peluche-fairy-tail-panther-lily\/"},"modified":"2025-07-29T12:02:27","modified_gmt":"2025-07-29T10:02:27","slug":"peluche-fairy-tail-panther-lily","status":"publish","type":"product","link":"https:\/\/pop-co.fr\/index.php\/product\/peluche-fairy-tail-panther-lily\/","title":{"rendered":"PELUCHE &#8211; FAIRY TAIL &#8211; Panther Lily"},"content":{"rendered":"<p>Cette peluche de Panther Lily, inspir\u00e9e de la c\u00e9l\u00e8bre s\u00e9rie Fairy Tail, est une addition adorable et fid\u00e8le \u00e0 toute collection. Panther Lily est un Exceed, compagnon de Gajeel Redfox, et est reconnu pour sa force et sa loyaut\u00e9. Cette peluche capture parfaitement les d\u00e9tails de ce personnage charismatique.<br \/>\nLa peluche Panther Lily de Fairy Tail (27 cm) est une repr\u00e9sentation adorable et fid\u00e8le de ce personnage embl\u00e9matique. Que ce soit pour jouer, d\u00e9corer ou collectionner, cette peluche est un excellent choix pour les fans de Fairy Tail.<\/p>\n","protected":false},"excerpt":{"rendered":"<p>Cette peluche de Panther Lily, inspir\u00e9e de la c\u00e9l\u00e8bre s\u00e9rie Fairy Tail, est une addition adorable et fid\u00e8le \u00e0 toute collection. Panther Lily est un Exceed, compagnon de Gajeel Redfox, et est reconnu pour sa force et sa loyaut\u00e9. Cette peluche capture parfaitement les d\u00e9tails de ce personnage charismatique. La peluche Panther Lily de Fairy [&hellip;]<\/p>\n","protected":false},"featured_media":356649,"comment_status":"open","ping_status":"closed","template":"","meta":[],"product_cat":[17,18],"product_tag":[],"aioseo_notices":[],"jetpack_sharing_enabled":true,"_links":{"self":[{"href":"https:\/\/pop-co.fr\/index.php\/wp-json\/wp\/v2\/product\/153833"}],"collection":[{"href":"https:\/\/pop-co.fr\/index.php\/wp-json\/wp\/v2\/product"}],"about":[{"href":"https:\/\/pop-co.fr\/index.php\/wp-json\/wp\/v2\/types\/product"}],"replies":[{"embeddable":true,"href":"https:\/\/pop-co.fr\/index.php\/wp-json\/wp\/v2\/comments?post=153833"}],"version-history":[{"count":0,"href":"https:\/\/pop-co.fr\/index.php\/wp-json\/wp\/v2\/product\/153833\/revisions"}],"wp:featuredmedia":[{"embeddable":true,"href":"https:\/\/pop-co.fr\/index.php\/wp-json\/wp\/v2\/media\/356649"}],"wp:attachment":[{"href":"https:\/\/pop-co.fr\/index.php\/wp-json\/wp\/v2\/media?parent=153833"}],"wp:term":[{"taxonomy":"product_cat","embeddable":true,"href":"https:\/\/pop-co.fr\/index.php\/wp-json\/wp\/v2\/product_cat?post=153833"},{"taxonomy":"product_tag","embeddable":true,"href":"https:\/\/pop-co.fr\/index.php\/wp-json\/wp\/v2\/product_tag?post=153833"}],"curies":[{"name":"wp","href":"https:\/\/api.w.org\/{rel}","templated":true}]}}