{"id":15396,"date":"2024-02-20T22:48:19","date_gmt":"2024-02-20T21:48:19","guid":{"rendered":"https:\/\/pop-co.fr\/index.php\/product\/mug-pokemon-sacha-et-pikachu\/"},"modified":"2025-06-28T15:46:35","modified_gmt":"2025-06-28T13:46:35","slug":"mug-pokemon-sacha-et-pikachu","status":"publish","type":"product","link":"https:\/\/pop-co.fr\/index.php\/product\/mug-pokemon-sacha-et-pikachu\/","title":{"rendered":"MUG &#8211; POKEMON &#8211; Sacha et Pikachu"},"content":{"rendered":"<p>Sacha commence son aventure avec son dif\u00e8le Pikachu pour devenir le meilleur dresseur Pok\u00e9mon avec ce g\u00e9nial mug par GB Eye ! <\/p>\n<p>&#8211; Mug en c\u00e9ramique de haute qualit\u00e9. Contenance standard (320 ml)<br \/>\n&#8211; Packaging : bo\u00eete cartonn\u00e9e permettant de prot\u00e9ger le mug.<br \/>\n&#8211; Convient aux micro-ondes et lave-vaisselle.<\/p>\n","protected":false},"excerpt":{"rendered":"<p>Sacha commence son aventure avec son dif\u00e8le Pikachu pour devenir le meilleur dresseur Pok\u00e9mon avec ce g\u00e9nial mug par GB Eye ! &#8211; Mug en c\u00e9ramique de haute qualit\u00e9. Contenance standard (320 ml) &#8211; Packaging : bo\u00eete cartonn\u00e9e permettant de prot\u00e9ger le mug. &#8211; Convient aux micro-ondes et lave-vaisselle.<\/p>\n","protected":false},"featured_media":152713,"comment_status":"open","ping_status":"closed","template":"","meta":[],"product_cat":[34,20],"product_tag":[],"aioseo_notices":[],"jetpack_sharing_enabled":true,"_links":{"self":[{"href":"https:\/\/pop-co.fr\/index.php\/wp-json\/wp\/v2\/product\/15396"}],"collection":[{"href":"https:\/\/pop-co.fr\/index.php\/wp-json\/wp\/v2\/product"}],"about":[{"href":"https:\/\/pop-co.fr\/index.php\/wp-json\/wp\/v2\/types\/product"}],"replies":[{"embeddable":true,"href":"https:\/\/pop-co.fr\/index.php\/wp-json\/wp\/v2\/comments?post=15396"}],"version-history":[{"count":0,"href":"https:\/\/pop-co.fr\/index.php\/wp-json\/wp\/v2\/product\/15396\/revisions"}],"wp:featuredmedia":[{"embeddable":true,"href":"https:\/\/pop-co.fr\/index.php\/wp-json\/wp\/v2\/media\/152713"}],"wp:attachment":[{"href":"https:\/\/pop-co.fr\/index.php\/wp-json\/wp\/v2\/media?parent=15396"}],"wp:term":[{"taxonomy":"product_cat","embeddable":true,"href":"https:\/\/pop-co.fr\/index.php\/wp-json\/wp\/v2\/product_cat?post=15396"},{"taxonomy":"product_tag","embeddable":true,"href":"https:\/\/pop-co.fr\/index.php\/wp-json\/wp\/v2\/product_tag?post=15396"}],"curies":[{"name":"wp","href":"https:\/\/api.w.org\/{rel}","templated":true}]}}