{"id":15399,"date":"2024-02-20T22:48:22","date_gmt":"2024-02-20T21:48:22","guid":{"rendered":"https:\/\/pop-co.fr\/index.php\/product\/mug-pokemon-pikachu-evolutions\/"},"modified":"2024-02-20T22:48:22","modified_gmt":"2024-02-20T21:48:22","slug":"mug-pokemon-pikachu-evolutions","status":"publish","type":"product","link":"https:\/\/pop-co.fr\/index.php\/product\/mug-pokemon-pikachu-evolutions\/","title":{"rendered":"MUG &#8211; POKEMON &#8211; Pikachu \u00e9volutions"},"content":{"rendered":"<p>Besoin d&rsquo;un type \u00e9lectrique dans votre \u00e9quipe? Optez pour le mignon Pichu, le puissant Raichu, l&rsquo;ind\u00e9tronable Pikachu ou bien prenez les 3 avec ce mug Pok\u00e9mon par GB Eye ! <\/p>\n<p>&#8211; Mug en c\u00e9ramique de haute qualit\u00e9. Contenance standard (320 ml)<br \/>\n&#8211; Packaging : bo\u00eete cartonn\u00e9e permettant de prot\u00e9ger le mug.<br \/>\n&#8211; Convient aux micro-ondes et lave-vaisselle.<\/p>\n","protected":false},"excerpt":{"rendered":"<p>Besoin d&rsquo;un type \u00e9lectrique dans votre \u00e9quipe? Optez pour le mignon Pichu, le puissant Raichu, l&rsquo;ind\u00e9tronable Pikachu ou bien prenez les 3 avec ce mug Pok\u00e9mon par GB Eye ! &#8211; Mug en c\u00e9ramique de haute qualit\u00e9. Contenance standard (320 ml) &#8211; Packaging : bo\u00eete cartonn\u00e9e permettant de prot\u00e9ger le mug. &#8211; Convient aux micro-ondes [&hellip;]<\/p>\n","protected":false},"featured_media":15397,"comment_status":"open","ping_status":"closed","template":"","meta":[],"product_cat":[34,20],"product_tag":[],"aioseo_notices":[],"jetpack_sharing_enabled":true,"_links":{"self":[{"href":"https:\/\/pop-co.fr\/index.php\/wp-json\/wp\/v2\/product\/15399"}],"collection":[{"href":"https:\/\/pop-co.fr\/index.php\/wp-json\/wp\/v2\/product"}],"about":[{"href":"https:\/\/pop-co.fr\/index.php\/wp-json\/wp\/v2\/types\/product"}],"replies":[{"embeddable":true,"href":"https:\/\/pop-co.fr\/index.php\/wp-json\/wp\/v2\/comments?post=15399"}],"version-history":[{"count":0,"href":"https:\/\/pop-co.fr\/index.php\/wp-json\/wp\/v2\/product\/15399\/revisions"}],"wp:featuredmedia":[{"embeddable":true,"href":"https:\/\/pop-co.fr\/index.php\/wp-json\/wp\/v2\/media\/15397"}],"wp:attachment":[{"href":"https:\/\/pop-co.fr\/index.php\/wp-json\/wp\/v2\/media?parent=15399"}],"wp:term":[{"taxonomy":"product_cat","embeddable":true,"href":"https:\/\/pop-co.fr\/index.php\/wp-json\/wp\/v2\/product_cat?post=15399"},{"taxonomy":"product_tag","embeddable":true,"href":"https:\/\/pop-co.fr\/index.php\/wp-json\/wp\/v2\/product_tag?post=15399"}],"curies":[{"name":"wp","href":"https:\/\/api.w.org\/{rel}","templated":true}]}}