{"id":154025,"date":"2024-08-31T11:02:46","date_gmt":"2024-08-31T09:02:46","guid":{"rendered":"https:\/\/pop-co.fr\/index.php\/product\/saliere-et-poivriere-disney-stitch-et-ananas-2\/"},"modified":"2025-06-28T12:25:49","modified_gmt":"2025-06-28T10:25:49","slug":"saliere-et-poivriere-disney-stitch-et-ananas-2","status":"publish","type":"product","link":"https:\/\/pop-co.fr\/index.php\/product\/saliere-et-poivriere-disney-stitch-et-ananas-2\/","title":{"rendered":"SALIERE ET POIVRIERE &#8211; DISNEY &#8211; Stitch et Ananas"},"content":{"rendered":"<p>Sali\u00e8res et poivri\u00e8res en c\u00e9ramique (hauteur approximative de 7 cm)<\/p>\n","protected":false},"excerpt":{"rendered":"<p>Sali\u00e8res et poivri\u00e8res en c\u00e9ramique (hauteur approximative de 7 cm)<\/p>\n","protected":false},"featured_media":338260,"comment_status":"open","ping_status":"closed","template":"","meta":[],"product_cat":[30],"product_tag":[],"aioseo_notices":[],"jetpack_sharing_enabled":true,"_links":{"self":[{"href":"https:\/\/pop-co.fr\/index.php\/wp-json\/wp\/v2\/product\/154025"}],"collection":[{"href":"https:\/\/pop-co.fr\/index.php\/wp-json\/wp\/v2\/product"}],"about":[{"href":"https:\/\/pop-co.fr\/index.php\/wp-json\/wp\/v2\/types\/product"}],"replies":[{"embeddable":true,"href":"https:\/\/pop-co.fr\/index.php\/wp-json\/wp\/v2\/comments?post=154025"}],"version-history":[{"count":0,"href":"https:\/\/pop-co.fr\/index.php\/wp-json\/wp\/v2\/product\/154025\/revisions"}],"wp:featuredmedia":[{"embeddable":true,"href":"https:\/\/pop-co.fr\/index.php\/wp-json\/wp\/v2\/media\/338260"}],"wp:attachment":[{"href":"https:\/\/pop-co.fr\/index.php\/wp-json\/wp\/v2\/media?parent=154025"}],"wp:term":[{"taxonomy":"product_cat","embeddable":true,"href":"https:\/\/pop-co.fr\/index.php\/wp-json\/wp\/v2\/product_cat?post=154025"},{"taxonomy":"product_tag","embeddable":true,"href":"https:\/\/pop-co.fr\/index.php\/wp-json\/wp\/v2\/product_tag?post=154025"}],"curies":[{"name":"wp","href":"https:\/\/api.w.org\/{rel}","templated":true}]}}