{"id":15421,"date":"2024-02-20T22:48:47","date_gmt":"2024-02-20T21:48:47","guid":{"rendered":"https:\/\/pop-co.fr\/index.php\/product\/chibi-poster-detective-conan-conan-edogawa\/"},"modified":"2025-06-28T15:46:46","modified_gmt":"2025-06-28T13:46:46","slug":"chibi-poster-detective-conan-conan-edogawa","status":"publish","type":"product","link":"https:\/\/pop-co.fr\/index.php\/product\/chibi-poster-detective-conan-conan-edogawa\/","title":{"rendered":"CHIBI POSTER &#8211; DETECTIVE CONAN &#8211; Conan Edogawa"},"content":{"rendered":"<p>Conan peut compter sur ses gadgets pour l&rsquo;aider \u00e0 r\u00e9soudre ses enqu\u00eates sur ce poster D\u00e9tective Conan par ABYstyle. <\/p>\n<p>&#8211; excellent grammage : 170g\/m\u00b2 et pelliculage brillant. Impression haute qualit\u00e9 en offset.<br \/>\n&#8211; Les posters mesurent 52&#215;38 cm, en format portrait ou paysage selon les mod\u00e8les.<\/p>\n","protected":false},"excerpt":{"rendered":"<p>Conan peut compter sur ses gadgets pour l&rsquo;aider \u00e0 r\u00e9soudre ses enqu\u00eates sur ce poster D\u00e9tective Conan par ABYstyle. &#8211; excellent grammage : 170g\/m\u00b2 et pelliculage brillant. Impression haute qualit\u00e9 en offset. &#8211; Les posters mesurent 52&#215;38 cm, en format portrait ou paysage selon les mod\u00e8les.<\/p>\n","protected":false},"featured_media":152716,"comment_status":"open","ping_status":"closed","template":"","meta":[],"product_cat":[76],"product_tag":[],"aioseo_notices":[],"jetpack_sharing_enabled":true,"_links":{"self":[{"href":"https:\/\/pop-co.fr\/index.php\/wp-json\/wp\/v2\/product\/15421"}],"collection":[{"href":"https:\/\/pop-co.fr\/index.php\/wp-json\/wp\/v2\/product"}],"about":[{"href":"https:\/\/pop-co.fr\/index.php\/wp-json\/wp\/v2\/types\/product"}],"replies":[{"embeddable":true,"href":"https:\/\/pop-co.fr\/index.php\/wp-json\/wp\/v2\/comments?post=15421"}],"version-history":[{"count":0,"href":"https:\/\/pop-co.fr\/index.php\/wp-json\/wp\/v2\/product\/15421\/revisions"}],"wp:featuredmedia":[{"embeddable":true,"href":"https:\/\/pop-co.fr\/index.php\/wp-json\/wp\/v2\/media\/152716"}],"wp:attachment":[{"href":"https:\/\/pop-co.fr\/index.php\/wp-json\/wp\/v2\/media?parent=15421"}],"wp:term":[{"taxonomy":"product_cat","embeddable":true,"href":"https:\/\/pop-co.fr\/index.php\/wp-json\/wp\/v2\/product_cat?post=15421"},{"taxonomy":"product_tag","embeddable":true,"href":"https:\/\/pop-co.fr\/index.php\/wp-json\/wp\/v2\/product_tag?post=15421"}],"curies":[{"name":"wp","href":"https:\/\/api.w.org\/{rel}","templated":true}]}}