{"id":1544,"date":"2024-02-20T17:41:48","date_gmt":"2024-02-20T16:41:48","guid":{"rendered":"https:\/\/pop-co.fr\/index.php\/product\/chibi-poster-one-piece-wanted-sabo\/"},"modified":"2025-09-15T16:08:15","modified_gmt":"2025-09-15T14:08:15","slug":"chibi-poster-one-piece-wanted-sabo","status":"publish","type":"product","link":"https:\/\/pop-co.fr\/index.php\/product\/chibi-poster-one-piece-wanted-sabo\/","title":{"rendered":"CHIBI POSTER &#8211; ONE PIECE &#8211; Wanted Sabo"},"content":{"rendered":"<p>Le journal vient de tomber la nouvelle prime de Sabo est l\u00e0 ! Apr\u00e8s ses exploits dans le Nouveau Monde avec l&rsquo;Arm\u00e9e r\u00e9volutionnaire, le 2\u00e8me fr\u00e8re de Luffy poss\u00e8de une prime extraordinaire \u00e0 602 000 000 de berries sur ce poster Wanted One Piece par GB eye. <\/p>\n<p>&#8211; Excellent grammage : 170 g\/m\u00b2 et pelliculage brillant. Impression haute qualit\u00e9 en offset.<br \/>\n&#8211; Les posters mesurent 52 x 38 cm, en format portrait ou paysage selon les mod\u00e8les.<br \/>\n&#8211; Livr\u00e9 \u00e0 plat<\/p>\n","protected":false},"excerpt":{"rendered":"<p>Le journal vient de tomber la nouvelle prime de Sabo est l\u00e0 ! Apr\u00e8s ses exploits dans le Nouveau Monde avec l&rsquo;Arm\u00e9e r\u00e9volutionnaire, le 2\u00e8me fr\u00e8re de Luffy poss\u00e8de une prime extraordinaire \u00e0 602 000 000 de berries sur ce poster Wanted One Piece par GB eye. &#8211; Excellent grammage : 170 g\/m\u00b2 et pelliculage [&hellip;]<\/p>\n","protected":false},"featured_media":358595,"comment_status":"open","ping_status":"closed","template":"","meta":[],"product_cat":[76],"product_tag":[],"aioseo_notices":[],"jetpack_sharing_enabled":true,"_links":{"self":[{"href":"https:\/\/pop-co.fr\/index.php\/wp-json\/wp\/v2\/product\/1544"}],"collection":[{"href":"https:\/\/pop-co.fr\/index.php\/wp-json\/wp\/v2\/product"}],"about":[{"href":"https:\/\/pop-co.fr\/index.php\/wp-json\/wp\/v2\/types\/product"}],"replies":[{"embeddable":true,"href":"https:\/\/pop-co.fr\/index.php\/wp-json\/wp\/v2\/comments?post=1544"}],"version-history":[{"count":0,"href":"https:\/\/pop-co.fr\/index.php\/wp-json\/wp\/v2\/product\/1544\/revisions"}],"wp:featuredmedia":[{"embeddable":true,"href":"https:\/\/pop-co.fr\/index.php\/wp-json\/wp\/v2\/media\/358595"}],"wp:attachment":[{"href":"https:\/\/pop-co.fr\/index.php\/wp-json\/wp\/v2\/media?parent=1544"}],"wp:term":[{"taxonomy":"product_cat","embeddable":true,"href":"https:\/\/pop-co.fr\/index.php\/wp-json\/wp\/v2\/product_cat?post=1544"},{"taxonomy":"product_tag","embeddable":true,"href":"https:\/\/pop-co.fr\/index.php\/wp-json\/wp\/v2\/product_tag?post=1544"}],"curies":[{"name":"wp","href":"https:\/\/api.w.org\/{rel}","templated":true}]}}