{"id":15490,"date":"2024-02-20T22:50:18","date_gmt":"2024-02-20T21:50:18","guid":{"rendered":"https:\/\/pop-co.fr\/index.php\/product\/porte-cles-3d-detective-conan-amuro-tooru\/"},"modified":"2025-07-29T10:14:08","modified_gmt":"2025-07-29T08:14:08","slug":"porte-cles-3d-detective-conan-amuro-tooru","status":"publish","type":"product","link":"https:\/\/pop-co.fr\/index.php\/product\/porte-cles-3d-detective-conan-amuro-tooru\/","title":{"rendered":"PORTE CLES 3D &#8211; DETECTIVE CONAN &#8211; Amuro Tooru"},"content":{"rendered":"<p>Porte cle \u00e0 l&rsquo;effigie du c\u00e9l\u00e8bre voleur Kaito !rnrnLe mini porte-cl\u00e9s peut \u00eatre facilement accroch\u00e9 aux cl\u00e9s, portefeuilles, sacs \u00e0 dos, de petite taille et l\u00e9ger, et peut \u00eatre transport\u00e9 avec vous. Les boutons en caoutchouc souple et \u00e9lastique, les meilleurs joysticks et boutons, press\u00e9s \u00e0 plusieurs reprises, \u00e9mettent un son confortable et fort, de sorte que vous ne pouvez pas le laisser partir.rnMat\u00e9riau s\u00fbr : le mini jouet \u00e0 fossette simple est fabriqu\u00e9 en mat\u00e9riau ABS de haute qualit\u00e9, la surface en caoutchouc est lisse, les boutons en caoutchouc sont doux, s\u00fbrs, non toxiques, durables, flexibles, r\u00e9sistants \u00e0 la d\u00e9chirure, difficiles \u00e0 endommager, r\u00e9utilisables et les enfants peuvent jouer librement.<\/p>\n","protected":false},"excerpt":{"rendered":"<p>Porte cle \u00e0 l&rsquo;effigie du c\u00e9l\u00e8bre voleur Kaito !rnrnLe mini porte-cl\u00e9s peut \u00eatre facilement accroch\u00e9 aux cl\u00e9s, portefeuilles, sacs \u00e0 dos, de petite taille et l\u00e9ger, et peut \u00eatre transport\u00e9 avec vous. Les boutons en caoutchouc souple et \u00e9lastique, les meilleurs joysticks et boutons, press\u00e9s \u00e0 plusieurs reprises, \u00e9mettent un son confortable et fort, de [&hellip;]<\/p>\n","protected":false},"featured_media":355416,"comment_status":"open","ping_status":"closed","template":"","meta":[],"product_cat":[17,18],"product_tag":[],"aioseo_notices":[],"jetpack_sharing_enabled":true,"_links":{"self":[{"href":"https:\/\/pop-co.fr\/index.php\/wp-json\/wp\/v2\/product\/15490"}],"collection":[{"href":"https:\/\/pop-co.fr\/index.php\/wp-json\/wp\/v2\/product"}],"about":[{"href":"https:\/\/pop-co.fr\/index.php\/wp-json\/wp\/v2\/types\/product"}],"replies":[{"embeddable":true,"href":"https:\/\/pop-co.fr\/index.php\/wp-json\/wp\/v2\/comments?post=15490"}],"version-history":[{"count":0,"href":"https:\/\/pop-co.fr\/index.php\/wp-json\/wp\/v2\/product\/15490\/revisions"}],"wp:featuredmedia":[{"embeddable":true,"href":"https:\/\/pop-co.fr\/index.php\/wp-json\/wp\/v2\/media\/355416"}],"wp:attachment":[{"href":"https:\/\/pop-co.fr\/index.php\/wp-json\/wp\/v2\/media?parent=15490"}],"wp:term":[{"taxonomy":"product_cat","embeddable":true,"href":"https:\/\/pop-co.fr\/index.php\/wp-json\/wp\/v2\/product_cat?post=15490"},{"taxonomy":"product_tag","embeddable":true,"href":"https:\/\/pop-co.fr\/index.php\/wp-json\/wp\/v2\/product_tag?post=15490"}],"curies":[{"name":"wp","href":"https:\/\/api.w.org\/{rel}","templated":true}]}}