{"id":15542,"date":"2024-02-20T22:51:23","date_gmt":"2024-02-20T21:51:23","guid":{"rendered":"https:\/\/pop-co.fr\/index.php\/product\/marvel-master-mordo-doctor-strange-figurine-articulee\/"},"modified":"2025-07-29T10:13:56","modified_gmt":"2025-07-29T08:13:56","slug":"marvel-master-mordo-doctor-strange-figurine-articulee","status":"publish","type":"product","link":"https:\/\/pop-co.fr\/index.php\/product\/marvel-master-mordo-doctor-strange-figurine-articulee\/","title":{"rendered":"MARVEL &#8211; Master Mordo (Doctor strange) &#8211; Figurine articul\u00e9e"},"content":{"rendered":"<p>Doctor Strange in the Multiverse of Madness Marvel Legends Series figurine 2022 Master Mordo 15 cm<br \/>\nAction figures Marvel<br \/>\nMordo a perdu le contr\u00f4le apr\u00e8s avoir quitt\u00e9 Kamar-Taj, pourchassant les sorciers qui brisent les lois de la r\u00e9alit\u00e9. Il n&rsquo;est jamais bien loin de la piste de Doctor Strange.<\/p>\n<p>INSPIR\u00c9 DE L&rsquo;UNIVERS CIN\u00c9MATOGRAPHIQUE MARVEL : Cette figurine Master Mordo de 15 cm a un design et une d\u00e9co premium inspir\u00e9 des films, et des articulations permettant de l&rsquo;exposer dans toute collection Marvel<\/p>\n<p>ACCESSOIRES ET ARTICULATION PREMIUM : Cette figurine Master Mordo Marvel Legends Series a de multiples points d&rsquo;articulation et des accessoires inspir\u00e9s des films, dont une paire de mains alternative et un b\u00e2ton<\/p>\n<p>INCLUT AU MOINS 1 PI\u00c8CE BUILD-A-FIGURE (RINTRAH) : Chaque figurine de la collection Marvel Legends Doctor Strange inclut au moins 1 pi\u00e8ce Build-A-Figure. En les collectionnant toutes, on peut assembler une figurine sp\u00e9ciale<\/p>\n","protected":false},"excerpt":{"rendered":"<p>Doctor Strange in the Multiverse of Madness Marvel Legends Series figurine 2022 Master Mordo 15 cm Action figures Marvel Mordo a perdu le contr\u00f4le apr\u00e8s avoir quitt\u00e9 Kamar-Taj, pourchassant les sorciers qui brisent les lois de la r\u00e9alit\u00e9. Il n&rsquo;est jamais bien loin de la piste de Doctor Strange. INSPIR\u00c9 DE L&rsquo;UNIVERS CIN\u00c9MATOGRAPHIQUE MARVEL : [&hellip;]<\/p>\n","protected":false},"featured_media":355406,"comment_status":"open","ping_status":"closed","template":"","meta":[],"product_cat":[29,63],"product_tag":[],"aioseo_notices":[],"jetpack_sharing_enabled":true,"_links":{"self":[{"href":"https:\/\/pop-co.fr\/index.php\/wp-json\/wp\/v2\/product\/15542"}],"collection":[{"href":"https:\/\/pop-co.fr\/index.php\/wp-json\/wp\/v2\/product"}],"about":[{"href":"https:\/\/pop-co.fr\/index.php\/wp-json\/wp\/v2\/types\/product"}],"replies":[{"embeddable":true,"href":"https:\/\/pop-co.fr\/index.php\/wp-json\/wp\/v2\/comments?post=15542"}],"version-history":[{"count":0,"href":"https:\/\/pop-co.fr\/index.php\/wp-json\/wp\/v2\/product\/15542\/revisions"}],"wp:featuredmedia":[{"embeddable":true,"href":"https:\/\/pop-co.fr\/index.php\/wp-json\/wp\/v2\/media\/355406"}],"wp:attachment":[{"href":"https:\/\/pop-co.fr\/index.php\/wp-json\/wp\/v2\/media?parent=15542"}],"wp:term":[{"taxonomy":"product_cat","embeddable":true,"href":"https:\/\/pop-co.fr\/index.php\/wp-json\/wp\/v2\/product_cat?post=15542"},{"taxonomy":"product_tag","embeddable":true,"href":"https:\/\/pop-co.fr\/index.php\/wp-json\/wp\/v2\/product_tag?post=15542"}],"curies":[{"name":"wp","href":"https:\/\/api.w.org\/{rel}","templated":true}]}}