{"id":1563,"date":"2024-02-20T17:42:11","date_gmt":"2024-02-20T16:42:11","guid":{"rendered":"https:\/\/pop-co.fr\/index.php\/product\/sac-a-dos-loungefly-disney-peter-pan-you-can-fly-glows\/"},"modified":"2025-07-29T11:23:05","modified_gmt":"2025-07-29T09:23:05","slug":"sac-a-dos-loungefly-disney-peter-pan-you-can-fly-glows","status":"publish","type":"product","link":"https:\/\/pop-co.fr\/index.php\/product\/sac-a-dos-loungefly-disney-peter-pan-you-can-fly-glows\/","title":{"rendered":"SAC A DOS LOUNGEFLY &#8211; DISNEY &#8211; Peter Pan You Can Fly glows"},"content":{"rendered":"<p>Les pens\u00e9es les plus joyeuses peuvent faire s&rsquo;envoler vos aventures ! Le mini-sac \u00e0 dos Loungefly Peter Pan You Can Fly Glow, o\u00f9 les fr\u00e8res et s\u0153urs Darling s&rsquo;envolent vers le Pays Imaginaire avec l&rsquo;aide de leurs nouveaux amis, est l&rsquo;objet de toutes les attentions. Sur le devant, Peter Pan se prom\u00e8ne le long d&rsquo;une rivi\u00e8re tout en jouant de la fl\u00fbte pour des cygnes. Au-dessus, une pochette zipp\u00e9e en forme de lune montre Wendy, John, Michael et Clochette qui s&rsquo;envolent dans le ciel nocturne. Baissez la lumi\u00e8re pour voir la lune briller ! Alors que la rivi\u00e8re londonienne se poursuit sur les poches lat\u00e9rales du sac, Clochette s&rsquo;\u00e9chappe d&rsquo;une situation louche sur le dos du sac. Ce mini sac \u00e0 dos ajoute une touche de fantaisie \u00e0 n&rsquo;importe quelle tenue et gardera vos effets personnels en s\u00e9curit\u00e9 tout au long de vos voyages.<br \/>\nLe mini-sac \u00e0 dos Peter Pan You Can Fly de Loungefly est fabriqu\u00e9 en cuir v\u00e9g\u00e9talien (polyur\u00e9thane). Le sac est dot\u00e9 de bretelles r\u00e9glables et d&rsquo;une fermeture dor\u00e9e brillante. Les autres caract\u00e9ristiques comprennent des d\u00e9tails nacr\u00e9s, appliqu\u00e9s, phosphorescents et imprim\u00e9s. La doublure int\u00e9rieure est coordonn\u00e9e.<br \/>\nCe sac \u00e0 dos est un produit Disney sous licence officielle.<br \/>\nDimensions du sac \u00e0 dos : 22,8 cm de largeur x 26,6 cm de hauteur x 11,4 cm de profondeur<\/p>\n","protected":false},"excerpt":{"rendered":"<p>Les pens\u00e9es les plus joyeuses peuvent faire s&rsquo;envoler vos aventures ! Le mini-sac \u00e0 dos Loungefly Peter Pan You Can Fly Glow, o\u00f9 les fr\u00e8res et s\u0153urs Darling s&rsquo;envolent vers le Pays Imaginaire avec l&rsquo;aide de leurs nouveaux amis, est l&rsquo;objet de toutes les attentions. Sur le devant, Peter Pan se prom\u00e8ne le long d&rsquo;une [&hellip;]<\/p>\n","protected":false},"featured_media":356355,"comment_status":"open","ping_status":"closed","template":"","meta":[],"product_cat":[47,48],"product_tag":[],"aioseo_notices":[],"jetpack_sharing_enabled":true,"_links":{"self":[{"href":"https:\/\/pop-co.fr\/index.php\/wp-json\/wp\/v2\/product\/1563"}],"collection":[{"href":"https:\/\/pop-co.fr\/index.php\/wp-json\/wp\/v2\/product"}],"about":[{"href":"https:\/\/pop-co.fr\/index.php\/wp-json\/wp\/v2\/types\/product"}],"replies":[{"embeddable":true,"href":"https:\/\/pop-co.fr\/index.php\/wp-json\/wp\/v2\/comments?post=1563"}],"version-history":[{"count":0,"href":"https:\/\/pop-co.fr\/index.php\/wp-json\/wp\/v2\/product\/1563\/revisions"}],"wp:featuredmedia":[{"embeddable":true,"href":"https:\/\/pop-co.fr\/index.php\/wp-json\/wp\/v2\/media\/356355"}],"wp:attachment":[{"href":"https:\/\/pop-co.fr\/index.php\/wp-json\/wp\/v2\/media?parent=1563"}],"wp:term":[{"taxonomy":"product_cat","embeddable":true,"href":"https:\/\/pop-co.fr\/index.php\/wp-json\/wp\/v2\/product_cat?post=1563"},{"taxonomy":"product_tag","embeddable":true,"href":"https:\/\/pop-co.fr\/index.php\/wp-json\/wp\/v2\/product_tag?post=1563"}],"curies":[{"name":"wp","href":"https:\/\/api.w.org\/{rel}","templated":true}]}}