{"id":1592,"date":"2024-02-20T17:42:41","date_gmt":"2024-02-20T16:42:41","guid":{"rendered":"https:\/\/pop-co.fr\/index.php\/product\/pixar-wall-e-figurine-14cm\/"},"modified":"2024-07-01T13:43:53","modified_gmt":"2024-07-01T11:43:53","slug":"pixar-wall-e-figurine-14cm","status":"publish","type":"product","link":"https:\/\/pop-co.fr\/index.php\/product\/pixar-wall-e-figurine-14cm\/","title":{"rendered":"PIXAR &#8211; Wall-E &#8211; Figurine 14cm"},"content":{"rendered":"<p>Statuette D-Stage Diorama PVC 14cm<\/p>\n<p>L&rsquo;histoire de Wall-E commence par une Terre ravag\u00e9e en l&rsquo;an 2805. L&rsquo;humanit\u00e9 ayant disparu depuis longtemps, la plan\u00e8te est remplie de d\u00e9chets et d&rsquo;ordures. Une flotte de robots nettoyeurs s&rsquo;attaque \u00e0 la grande quantit\u00e9 de d\u00e9chets restants, nettoyant et r\u00e9organisant les ordures jusqu&rsquo;\u00e0 ce que le dro\u00efde de derni\u00e8re g\u00e9n\u00e9ration EVE (Extra Terrestrial Vegetation Evaluator) atterrisse sur Terre pour une mission d&rsquo;exploration. D&rsquo;abord hostile, EVE finit par se lier d&rsquo;une amiti\u00e9 chaleureuse et affectueuse avec le robot nettoyeur Wall-E, ce qui marque le d\u00e9but d&rsquo;un voyage fantastique pour tous les deux !<\/p>\n<p>Beast Kingdom, dans le cadre de la collection D-Stage \u00ab\u00a0Stage Your Dreams\u00a0\u00bb, est fier de pr\u00e9senter deux dioramas \u00e0 360 degr\u00e9s qui illustrent l&rsquo;amiti\u00e9 chaleureuse entre deux g\u00e9n\u00e9rations de robots et donnent vie aux deux personnages principaux du film d&rsquo;animation classique de Pixar. Assis au sommet d&rsquo;une colline de d\u00e9chets, le D-Stage 074 Wall-E regarde les \u00e9toiles o\u00f9 il esp\u00e8re aller un jour, avec sa petite plante en pot et sa bo\u00eete \u00e0 outils, tandis que le D-Stage-073 EVE l&rsquo;observe curieusement. Fabriqu\u00e9 selon les techniques les plus avanc\u00e9es, chacun des dioramas repr\u00e9sente les personnages amusants avec beaucoup de d\u00e9tails. Reliez les deux dioramas l&rsquo;un \u00e0 l&rsquo;autre et les bases se forment pour cr\u00e9er la sc\u00e8ne classique de l&rsquo;animation. Achetez les deux dioramas et emportez chez vous un peu de magie des robots d\u00e8s aujourd&rsquo;hui !<\/p>\n","protected":false},"excerpt":{"rendered":"<p>Statuette D-Stage Diorama PVC 14cm L&rsquo;histoire de Wall-E commence par une Terre ravag\u00e9e en l&rsquo;an 2805. L&rsquo;humanit\u00e9 ayant disparu depuis longtemps, la plan\u00e8te est remplie de d\u00e9chets et d&rsquo;ordures. Une flotte de robots nettoyeurs s&rsquo;attaque \u00e0 la grande quantit\u00e9 de d\u00e9chets restants, nettoyant et r\u00e9organisant les ordures jusqu&rsquo;\u00e0 ce que le dro\u00efde de derni\u00e8re g\u00e9n\u00e9ration [&hellip;]<\/p>\n","protected":false},"featured_media":1588,"comment_status":"open","ping_status":"closed","template":"","meta":[],"product_cat":[29],"product_tag":[],"aioseo_notices":[],"jetpack_sharing_enabled":true,"_links":{"self":[{"href":"https:\/\/pop-co.fr\/index.php\/wp-json\/wp\/v2\/product\/1592"}],"collection":[{"href":"https:\/\/pop-co.fr\/index.php\/wp-json\/wp\/v2\/product"}],"about":[{"href":"https:\/\/pop-co.fr\/index.php\/wp-json\/wp\/v2\/types\/product"}],"replies":[{"embeddable":true,"href":"https:\/\/pop-co.fr\/index.php\/wp-json\/wp\/v2\/comments?post=1592"}],"version-history":[{"count":0,"href":"https:\/\/pop-co.fr\/index.php\/wp-json\/wp\/v2\/product\/1592\/revisions"}],"wp:featuredmedia":[{"embeddable":true,"href":"https:\/\/pop-co.fr\/index.php\/wp-json\/wp\/v2\/media\/1588"}],"wp:attachment":[{"href":"https:\/\/pop-co.fr\/index.php\/wp-json\/wp\/v2\/media?parent=1592"}],"wp:term":[{"taxonomy":"product_cat","embeddable":true,"href":"https:\/\/pop-co.fr\/index.php\/wp-json\/wp\/v2\/product_cat?post=1592"},{"taxonomy":"product_tag","embeddable":true,"href":"https:\/\/pop-co.fr\/index.php\/wp-json\/wp\/v2\/product_tag?post=1592"}],"curies":[{"name":"wp","href":"https:\/\/api.w.org\/{rel}","templated":true}]}}