{"id":15953,"date":"2024-02-20T23:02:29","date_gmt":"2024-02-20T22:02:29","guid":{"rendered":"https:\/\/pop-co.fr\/index.php\/product\/mug-pokemon-ronflex\/"},"modified":"2024-02-24T18:51:30","modified_gmt":"2024-02-24T17:51:30","slug":"mug-pokemon-ronflex","status":"publish","type":"product","link":"https:\/\/pop-co.fr\/index.php\/product\/mug-pokemon-ronflex\/","title":{"rendered":"MUG &#8211; POKEMON &#8211; Ronflex"},"content":{"rendered":"<p>Soyez relax comme Ronflex avec ce mug Pok\u00e9mon ! <\/p>\n<p>&#8211; Mug en c\u00e9ramique de haute qualit\u00e9. Contenance standard (320 ml)<br \/>\n&#8211; Packaging : bo\u00eete cartonn\u00e9e permettant de prot\u00e9ger le mug.<br \/>\n&#8211; Convient aux micro-ondes et lave-vaisselle.<\/p>\n","protected":false},"excerpt":{"rendered":"<p>Soyez relax comme Ronflex avec ce mug Pok\u00e9mon ! &#8211; Mug en c\u00e9ramique de haute qualit\u00e9. Contenance standard (320 ml) &#8211; Packaging : bo\u00eete cartonn\u00e9e permettant de prot\u00e9ger le mug. &#8211; Convient aux micro-ondes et lave-vaisselle.<\/p>\n","protected":false},"featured_media":36889,"comment_status":"open","ping_status":"closed","template":"","meta":[],"product_cat":[34,20],"product_tag":[],"aioseo_notices":[],"jetpack_sharing_enabled":true,"_links":{"self":[{"href":"https:\/\/pop-co.fr\/index.php\/wp-json\/wp\/v2\/product\/15953"}],"collection":[{"href":"https:\/\/pop-co.fr\/index.php\/wp-json\/wp\/v2\/product"}],"about":[{"href":"https:\/\/pop-co.fr\/index.php\/wp-json\/wp\/v2\/types\/product"}],"replies":[{"embeddable":true,"href":"https:\/\/pop-co.fr\/index.php\/wp-json\/wp\/v2\/comments?post=15953"}],"version-history":[{"count":0,"href":"https:\/\/pop-co.fr\/index.php\/wp-json\/wp\/v2\/product\/15953\/revisions"}],"wp:featuredmedia":[{"embeddable":true,"href":"https:\/\/pop-co.fr\/index.php\/wp-json\/wp\/v2\/media\/36889"}],"wp:attachment":[{"href":"https:\/\/pop-co.fr\/index.php\/wp-json\/wp\/v2\/media?parent=15953"}],"wp:term":[{"taxonomy":"product_cat","embeddable":true,"href":"https:\/\/pop-co.fr\/index.php\/wp-json\/wp\/v2\/product_cat?post=15953"},{"taxonomy":"product_tag","embeddable":true,"href":"https:\/\/pop-co.fr\/index.php\/wp-json\/wp\/v2\/product_tag?post=15953"}],"curies":[{"name":"wp","href":"https:\/\/api.w.org\/{rel}","templated":true}]}}