{"id":15995,"date":"2024-02-20T23:03:21","date_gmt":"2024-02-20T22:03:21","guid":{"rendered":"https:\/\/pop-co.fr\/index.php\/product\/mug-3d-one-piece-tonneau\/"},"modified":"2025-07-08T17:34:22","modified_gmt":"2025-07-08T15:34:22","slug":"mug-3d-one-piece-tonneau","status":"publish","type":"product","link":"https:\/\/pop-co.fr\/index.php\/product\/mug-3d-one-piece-tonneau\/","title":{"rendered":"MUG 3D &#8211; ONE PIECE &#8211; Tonneau"},"content":{"rendered":"<p>Prenez votre boisson favorite accompagn\u00e9 dans se tonneau avec ce mug 3D tonneau par GB Eye. rnrn- Contenance : environ 475 ml. rn- Mati\u00e8re : c\u00e9ramique. rn- Ne passe pas au micro-ondes ou au lave-vaisselle.<\/p>\n","protected":false},"excerpt":{"rendered":"<p>Prenez votre boisson favorite accompagn\u00e9 dans se tonneau avec ce mug 3D tonneau par GB Eye. rnrn- Contenance : environ 475 ml. rn- Mati\u00e8re : c\u00e9ramique. rn- Ne passe pas au micro-ondes ou au lave-vaisselle.<\/p>\n","protected":false},"featured_media":353964,"comment_status":"open","ping_status":"closed","template":"","meta":[],"product_cat":[17,22],"product_tag":[],"aioseo_notices":[],"jetpack_sharing_enabled":true,"_links":{"self":[{"href":"https:\/\/pop-co.fr\/index.php\/wp-json\/wp\/v2\/product\/15995"}],"collection":[{"href":"https:\/\/pop-co.fr\/index.php\/wp-json\/wp\/v2\/product"}],"about":[{"href":"https:\/\/pop-co.fr\/index.php\/wp-json\/wp\/v2\/types\/product"}],"replies":[{"embeddable":true,"href":"https:\/\/pop-co.fr\/index.php\/wp-json\/wp\/v2\/comments?post=15995"}],"version-history":[{"count":0,"href":"https:\/\/pop-co.fr\/index.php\/wp-json\/wp\/v2\/product\/15995\/revisions"}],"wp:featuredmedia":[{"embeddable":true,"href":"https:\/\/pop-co.fr\/index.php\/wp-json\/wp\/v2\/media\/353964"}],"wp:attachment":[{"href":"https:\/\/pop-co.fr\/index.php\/wp-json\/wp\/v2\/media?parent=15995"}],"wp:term":[{"taxonomy":"product_cat","embeddable":true,"href":"https:\/\/pop-co.fr\/index.php\/wp-json\/wp\/v2\/product_cat?post=15995"},{"taxonomy":"product_tag","embeddable":true,"href":"https:\/\/pop-co.fr\/index.php\/wp-json\/wp\/v2\/product_tag?post=15995"}],"curies":[{"name":"wp","href":"https:\/\/api.w.org\/{rel}","templated":true}]}}