{"id":1601,"date":"2024-02-20T17:42:50","date_gmt":"2024-02-20T16:42:50","guid":{"rendered":"https:\/\/pop-co.fr\/index.php\/product\/portefeuille-loungefly-star-wars-dark-vador\/"},"modified":"2025-06-28T13:09:54","modified_gmt":"2025-06-28T11:09:54","slug":"portefeuille-loungefly-star-wars-dark-vador","status":"publish","type":"product","link":"https:\/\/pop-co.fr\/index.php\/product\/portefeuille-loungefly-star-wars-dark-vador\/","title":{"rendered":"PORTEFEUILLE LOUNGEFLY &#8211; STAR WARS &#8211; Dark Vador"},"content":{"rendered":"<p>Portefeuille haute qualit\u00e9, sous licence officielle. Mod\u00e8le fabriqu\u00e9 par LoungeFly.<\/p>\n","protected":false},"excerpt":{"rendered":"<p>Portefeuille haute qualit\u00e9, sous licence officielle. Mod\u00e8le fabriqu\u00e9 par LoungeFly.<\/p>\n","protected":false},"featured_media":195987,"comment_status":"open","ping_status":"closed","template":"","meta":[],"product_cat":[47,48],"product_tag":[],"aioseo_notices":[],"jetpack_sharing_enabled":true,"_links":{"self":[{"href":"https:\/\/pop-co.fr\/index.php\/wp-json\/wp\/v2\/product\/1601"}],"collection":[{"href":"https:\/\/pop-co.fr\/index.php\/wp-json\/wp\/v2\/product"}],"about":[{"href":"https:\/\/pop-co.fr\/index.php\/wp-json\/wp\/v2\/types\/product"}],"replies":[{"embeddable":true,"href":"https:\/\/pop-co.fr\/index.php\/wp-json\/wp\/v2\/comments?post=1601"}],"version-history":[{"count":0,"href":"https:\/\/pop-co.fr\/index.php\/wp-json\/wp\/v2\/product\/1601\/revisions"}],"wp:featuredmedia":[{"embeddable":true,"href":"https:\/\/pop-co.fr\/index.php\/wp-json\/wp\/v2\/media\/195987"}],"wp:attachment":[{"href":"https:\/\/pop-co.fr\/index.php\/wp-json\/wp\/v2\/media?parent=1601"}],"wp:term":[{"taxonomy":"product_cat","embeddable":true,"href":"https:\/\/pop-co.fr\/index.php\/wp-json\/wp\/v2\/product_cat?post=1601"},{"taxonomy":"product_tag","embeddable":true,"href":"https:\/\/pop-co.fr\/index.php\/wp-json\/wp\/v2\/product_tag?post=1601"}],"curies":[{"name":"wp","href":"https:\/\/api.w.org\/{rel}","templated":true}]}}