{"id":16061,"date":"2024-02-20T23:04:54","date_gmt":"2024-02-20T22:04:54","guid":{"rendered":"https:\/\/pop-co.fr\/index.php\/product\/sac-besace-one-piece-skull\/"},"modified":"2024-02-20T23:04:54","modified_gmt":"2024-02-20T22:04:54","slug":"sac-besace-one-piece-skull","status":"publish","type":"product","link":"https:\/\/pop-co.fr\/index.php\/product\/sac-besace-one-piece-skull\/","title":{"rendered":"SAC BESACE &#8211; ONE PIECE &#8211; Skull"},"content":{"rendered":"<p>Int\u00e9grez l&rsquo;\u00e9quipage de Luffy au chapeau de paille avec ce sac besace One Piece par ABYstyle. A utiliser pour aller en cours, au travail ou tout simplement pour sortir. <\/p>\n<p>&#8211; Sacoche en vinyle de haute qualit\u00e9 avec boucles en m\u00e9tal<br \/>\n&#8211; Deux compartiments \u00e0 l\u2019int\u00e9rieur<br \/>\n&#8211; Impression en transfert<br \/>\n&#8211; Dimensions : 22 cm x 17 cm x 3,5 cm<br \/>\n&#8211; Bandouli\u00e8re ajustable<br \/>\n&#8211; Mati\u00e8re : Polyester et polyur\u00e9thane de grande qualit\u00e9<\/p>\n","protected":false},"excerpt":{"rendered":"<p>Int\u00e9grez l&rsquo;\u00e9quipage de Luffy au chapeau de paille avec ce sac besace One Piece par ABYstyle. A utiliser pour aller en cours, au travail ou tout simplement pour sortir. &#8211; Sacoche en vinyle de haute qualit\u00e9 avec boucles en m\u00e9tal &#8211; Deux compartiments \u00e0 l\u2019int\u00e9rieur &#8211; Impression en transfert &#8211; Dimensions : 22 cm x [&hellip;]<\/p>\n","protected":false},"featured_media":16059,"comment_status":"open","ping_status":"closed","template":"","meta":[],"product_cat":[17,22],"product_tag":[],"aioseo_notices":[],"jetpack_sharing_enabled":true,"_links":{"self":[{"href":"https:\/\/pop-co.fr\/index.php\/wp-json\/wp\/v2\/product\/16061"}],"collection":[{"href":"https:\/\/pop-co.fr\/index.php\/wp-json\/wp\/v2\/product"}],"about":[{"href":"https:\/\/pop-co.fr\/index.php\/wp-json\/wp\/v2\/types\/product"}],"replies":[{"embeddable":true,"href":"https:\/\/pop-co.fr\/index.php\/wp-json\/wp\/v2\/comments?post=16061"}],"version-history":[{"count":0,"href":"https:\/\/pop-co.fr\/index.php\/wp-json\/wp\/v2\/product\/16061\/revisions"}],"wp:featuredmedia":[{"embeddable":true,"href":"https:\/\/pop-co.fr\/index.php\/wp-json\/wp\/v2\/media\/16059"}],"wp:attachment":[{"href":"https:\/\/pop-co.fr\/index.php\/wp-json\/wp\/v2\/media?parent=16061"}],"wp:term":[{"taxonomy":"product_cat","embeddable":true,"href":"https:\/\/pop-co.fr\/index.php\/wp-json\/wp\/v2\/product_cat?post=16061"},{"taxonomy":"product_tag","embeddable":true,"href":"https:\/\/pop-co.fr\/index.php\/wp-json\/wp\/v2\/product_tag?post=16061"}],"curies":[{"name":"wp","href":"https:\/\/api.w.org\/{rel}","templated":true}]}}