{"id":160657,"date":"2024-09-14T10:32:55","date_gmt":"2024-09-14T08:32:55","guid":{"rendered":"https:\/\/pop-co.fr\/index.php\/product\/bag-clip-nintendo-consoles-et-manettes-porte-cles-mystere-3\/"},"modified":"2025-06-28T12:24:59","modified_gmt":"2025-06-28T10:24:59","slug":"bag-clip-nintendo-consoles-et-manettes-porte-cles-mystere-3","status":"publish","type":"product","link":"https:\/\/pop-co.fr\/index.php\/product\/bag-clip-nintendo-consoles-et-manettes-porte-cles-mystere-3\/","title":{"rendered":"BAG CLIP &#8211; NINTENDO &#8211; Consoles et manettes &#8211; Porte cl\u00e9s myst\u00e8re"},"content":{"rendered":"<p>Paladone Backpack Buddies CDU peut rendre votre sac ou votre sac \u00e0 dos encore plus excitant. Il s&rsquo;agit d&rsquo;une collection amusante de personnages. Chaque personnage de Backpack Buddy est tr\u00e8s d\u00e9taill\u00e9, mesure environ 5,1 cm de haut et est attach\u00e9 \u00e0 un porte-cl\u00e9s. C&rsquo;est un excellent moyen de personnaliser les sacs \u00e0 dos, les sacs et les porte-cl\u00e9s. Il y a 9 personnages diff\u00e9rents \u00e0 collectionner &#8211; m\u00e9langez et associez vos favoris ou collectionnez-les tous pour \u00eatre le fan ultime. Le paquet contient 24 pi\u00e8ces assorties.<\/p>\n","protected":false},"excerpt":{"rendered":"<p>Paladone Backpack Buddies CDU peut rendre votre sac ou votre sac \u00e0 dos encore plus excitant. Il s&rsquo;agit d&rsquo;une collection amusante de personnages. Chaque personnage de Backpack Buddy est tr\u00e8s d\u00e9taill\u00e9, mesure environ 5,1 cm de haut et est attach\u00e9 \u00e0 un porte-cl\u00e9s. C&rsquo;est un excellent moyen de personnaliser les sacs \u00e0 dos, les sacs [&hellip;]<\/p>\n","protected":false},"featured_media":259785,"comment_status":"open","ping_status":"closed","template":"","meta":[],"product_cat":[34],"product_tag":[],"aioseo_notices":[],"jetpack_sharing_enabled":true,"_links":{"self":[{"href":"https:\/\/pop-co.fr\/index.php\/wp-json\/wp\/v2\/product\/160657"}],"collection":[{"href":"https:\/\/pop-co.fr\/index.php\/wp-json\/wp\/v2\/product"}],"about":[{"href":"https:\/\/pop-co.fr\/index.php\/wp-json\/wp\/v2\/types\/product"}],"replies":[{"embeddable":true,"href":"https:\/\/pop-co.fr\/index.php\/wp-json\/wp\/v2\/comments?post=160657"}],"version-history":[{"count":0,"href":"https:\/\/pop-co.fr\/index.php\/wp-json\/wp\/v2\/product\/160657\/revisions"}],"wp:featuredmedia":[{"embeddable":true,"href":"https:\/\/pop-co.fr\/index.php\/wp-json\/wp\/v2\/media\/259785"}],"wp:attachment":[{"href":"https:\/\/pop-co.fr\/index.php\/wp-json\/wp\/v2\/media?parent=160657"}],"wp:term":[{"taxonomy":"product_cat","embeddable":true,"href":"https:\/\/pop-co.fr\/index.php\/wp-json\/wp\/v2\/product_cat?post=160657"},{"taxonomy":"product_tag","embeddable":true,"href":"https:\/\/pop-co.fr\/index.php\/wp-json\/wp\/v2\/product_tag?post=160657"}],"curies":[{"name":"wp","href":"https:\/\/api.w.org\/{rel}","templated":true}]}}