{"id":164252,"date":"2024-09-20T17:37:23","date_gmt":"2024-09-20T15:37:23","guid":{"rendered":"https:\/\/pop-co.fr\/index.php\/product\/calendrier-de-lavent-fnaf-pop-edition-de-noel\/"},"modified":"2025-06-28T12:23:37","modified_gmt":"2025-06-28T10:23:37","slug":"calendrier-de-lavent-fnaf-pop-edition-de-noel","status":"publish","type":"product","link":"https:\/\/pop-co.fr\/index.php\/product\/calendrier-de-lavent-fnaf-pop-edition-de-noel\/","title":{"rendered":"CALENDRIER DE L&rsquo;AVENT &#8211; FNAF &#8211; Pop \u00e9dition de No\u00ebl"},"content":{"rendered":"<p>Comptez jusqu&rsquo;\u00e0 vos vacances pr\u00e9f\u00e9r\u00e9es, ou toute autre occasion sp\u00e9ciale, avec le calendrier de l&rsquo;Avent Five Nights at Freddy&rsquo;s\u2122 24 Day ! Ouvrez les minuscules portes pour d\u00e9couvrir 24 Funko Pocket Pops ! uniques, repr\u00e9sentant certains de vos personnages animatroniques pr\u00e9f\u00e9r\u00e9s habill\u00e9s dans des ensembles de vacances ! Qui sera le prochain \u00e0 rejoindre votre collection Five Nights at Freddy&rsquo;s\u2122 ? La hauteur des figurines Pocket Pop ! varie en fonction du personnage. La hauteur maximale de la figurine est de 5 cm.<\/p>\n","protected":false},"excerpt":{"rendered":"<p>Comptez jusqu&rsquo;\u00e0 vos vacances pr\u00e9f\u00e9r\u00e9es, ou toute autre occasion sp\u00e9ciale, avec le calendrier de l&rsquo;Avent Five Nights at Freddy&rsquo;s\u2122 24 Day ! Ouvrez les minuscules portes pour d\u00e9couvrir 24 Funko Pocket Pops ! uniques, repr\u00e9sentant certains de vos personnages animatroniques pr\u00e9f\u00e9r\u00e9s habill\u00e9s dans des ensembles de vacances ! Qui sera le prochain \u00e0 rejoindre votre [&hellip;]<\/p>\n","protected":false},"featured_media":205468,"comment_status":"open","ping_status":"closed","template":"","meta":[],"product_cat":[34,38],"product_tag":[],"aioseo_notices":[],"jetpack_sharing_enabled":true,"_links":{"self":[{"href":"https:\/\/pop-co.fr\/index.php\/wp-json\/wp\/v2\/product\/164252"}],"collection":[{"href":"https:\/\/pop-co.fr\/index.php\/wp-json\/wp\/v2\/product"}],"about":[{"href":"https:\/\/pop-co.fr\/index.php\/wp-json\/wp\/v2\/types\/product"}],"replies":[{"embeddable":true,"href":"https:\/\/pop-co.fr\/index.php\/wp-json\/wp\/v2\/comments?post=164252"}],"version-history":[{"count":0,"href":"https:\/\/pop-co.fr\/index.php\/wp-json\/wp\/v2\/product\/164252\/revisions"}],"wp:featuredmedia":[{"embeddable":true,"href":"https:\/\/pop-co.fr\/index.php\/wp-json\/wp\/v2\/media\/205468"}],"wp:attachment":[{"href":"https:\/\/pop-co.fr\/index.php\/wp-json\/wp\/v2\/media?parent=164252"}],"wp:term":[{"taxonomy":"product_cat","embeddable":true,"href":"https:\/\/pop-co.fr\/index.php\/wp-json\/wp\/v2\/product_cat?post=164252"},{"taxonomy":"product_tag","embeddable":true,"href":"https:\/\/pop-co.fr\/index.php\/wp-json\/wp\/v2\/product_tag?post=164252"}],"curies":[{"name":"wp","href":"https:\/\/api.w.org\/{rel}","templated":true}]}}