{"id":164472,"date":"2024-09-20T17:39:48","date_gmt":"2024-09-20T15:39:48","guid":{"rendered":"https:\/\/pop-co.fr\/index.php\/product\/dr-stone-suika-figurine-12cm-4\/"},"modified":"2025-08-02T14:21:48","modified_gmt":"2025-08-02T12:21:48","slug":"dr-stone-suika-figurine-12cm-4","status":"publish","type":"product","link":"https:\/\/pop-co.fr\/index.php\/product\/dr-stone-suika-figurine-12cm-4\/","title":{"rendered":"DR. STONE &#8211; Suika &#8211; Figurine 12cm"},"content":{"rendered":"<p>DR. STONE &#8211; Suika &#8211; Figurine 12cm<br \/>\nComposition : PVC<\/p>\n<p>Suika est l&rsquo;une des protagonistes principales du manga\/anim\u00e9 \u00ab\u00a0Dr. Stone\u00a0\u00bb.<br \/>\nElle est la premi\u00e8re, avec Kohaku, du village de Ishigami a \u00eatre amical avec Senku.<br \/>\nDr Stone est un manga shonen \u00e9crit par Riichiro Inagaki de 2017 \u00e0 2022.<br \/>\nLe manga comprend 26 tomes.<\/p>\n","protected":false},"excerpt":{"rendered":"<p>DR. STONE &#8211; Suika &#8211; Figurine 12cm Composition : PVC Suika est l&rsquo;une des protagonistes principales du manga\/anim\u00e9 \u00ab\u00a0Dr. Stone\u00a0\u00bb. Elle est la premi\u00e8re, avec Kohaku, du village de Ishigami a \u00eatre amical avec Senku. Dr Stone est un manga shonen \u00e9crit par Riichiro Inagaki de 2017 \u00e0 2022. Le manga comprend 26 tomes.<\/p>\n","protected":false},"featured_media":356999,"comment_status":"open","ping_status":"closed","template":"","meta":[],"product_cat":[18,17],"product_tag":[],"aioseo_notices":[],"jetpack_sharing_enabled":true,"_links":{"self":[{"href":"https:\/\/pop-co.fr\/index.php\/wp-json\/wp\/v2\/product\/164472"}],"collection":[{"href":"https:\/\/pop-co.fr\/index.php\/wp-json\/wp\/v2\/product"}],"about":[{"href":"https:\/\/pop-co.fr\/index.php\/wp-json\/wp\/v2\/types\/product"}],"replies":[{"embeddable":true,"href":"https:\/\/pop-co.fr\/index.php\/wp-json\/wp\/v2\/comments?post=164472"}],"version-history":[{"count":0,"href":"https:\/\/pop-co.fr\/index.php\/wp-json\/wp\/v2\/product\/164472\/revisions"}],"wp:featuredmedia":[{"embeddable":true,"href":"https:\/\/pop-co.fr\/index.php\/wp-json\/wp\/v2\/media\/356999"}],"wp:attachment":[{"href":"https:\/\/pop-co.fr\/index.php\/wp-json\/wp\/v2\/media?parent=164472"}],"wp:term":[{"taxonomy":"product_cat","embeddable":true,"href":"https:\/\/pop-co.fr\/index.php\/wp-json\/wp\/v2\/product_cat?post=164472"},{"taxonomy":"product_tag","embeddable":true,"href":"https:\/\/pop-co.fr\/index.php\/wp-json\/wp\/v2\/product_tag?post=164472"}],"curies":[{"name":"wp","href":"https:\/\/api.w.org\/{rel}","templated":true}]}}