{"id":1645,"date":"2024-02-20T17:44:46","date_gmt":"2024-02-20T16:44:46","guid":{"rendered":"https:\/\/pop-co.fr\/index.php\/product\/pins-demon-slayer-kamado-tanjiro\/"},"modified":"2025-06-28T13:11:41","modified_gmt":"2025-06-28T11:11:41","slug":"pins-demon-slayer-kamado-tanjiro","status":"publish","type":"product","link":"https:\/\/pop-co.fr\/index.php\/product\/pins-demon-slayer-kamado-tanjiro\/","title":{"rendered":"PIN&rsquo;S &#8211; DEMON SLAYER &#8211; Kamado Tanjiro"},"content":{"rendered":"<p>Collectionnez g\u00e9nial. Partagez et affichez vos FiGPiNS n&rsquo;importe o\u00f9 et \u00e0 tout moment gr\u00e2ce \u00e0 nos supports d&rsquo;\u00e9pingles innovants et \u00e0 nos vitrines de qualit\u00e9 mus\u00e9e. FiGPiNS peut \u00eatre affich\u00e9 comme votre figurine la plus convoit\u00e9e ou port\u00e9 comme votre accessoire pr\u00e9f\u00e9r\u00e9. \u00c9pinglez-les sur votre sac ou veste pr\u00e9f\u00e9r\u00e9, ou affichez-les simplement sur votre bureau. Peu importe o\u00f9 vous les placez, vous serez s\u00fbr de vous d\u00e9marquer ! Chaque FiGPiN est fabriqu\u00e9 en alliage de zinc moul\u00e9 incrust\u00e9 d&rsquo;\u00e9mail dur et est fini avec un rev\u00eatement en nickel \u00e9lectrolytique. Tous les FiGPiNS comprennent un num\u00e9ro de s\u00e9rie alphanum\u00e9rique unique grav\u00e9 au dos, ce qui rend chacun d&rsquo;entre eux unique.<\/p>\n","protected":false},"excerpt":{"rendered":"<p>Collectionnez g\u00e9nial. Partagez et affichez vos FiGPiNS n&rsquo;importe o\u00f9 et \u00e0 tout moment gr\u00e2ce \u00e0 nos supports d&rsquo;\u00e9pingles innovants et \u00e0 nos vitrines de qualit\u00e9 mus\u00e9e. FiGPiNS peut \u00eatre affich\u00e9 comme votre figurine la plus convoit\u00e9e ou port\u00e9 comme votre accessoire pr\u00e9f\u00e9r\u00e9. \u00c9pinglez-les sur votre sac ou veste pr\u00e9f\u00e9r\u00e9, ou affichez-les simplement sur votre bureau. [&hellip;]<\/p>\n","protected":false},"featured_media":213375,"comment_status":"open","ping_status":"closed","template":"","meta":[],"product_cat":[17,24],"product_tag":[],"aioseo_notices":[],"jetpack_sharing_enabled":true,"_links":{"self":[{"href":"https:\/\/pop-co.fr\/index.php\/wp-json\/wp\/v2\/product\/1645"}],"collection":[{"href":"https:\/\/pop-co.fr\/index.php\/wp-json\/wp\/v2\/product"}],"about":[{"href":"https:\/\/pop-co.fr\/index.php\/wp-json\/wp\/v2\/types\/product"}],"replies":[{"embeddable":true,"href":"https:\/\/pop-co.fr\/index.php\/wp-json\/wp\/v2\/comments?post=1645"}],"version-history":[{"count":0,"href":"https:\/\/pop-co.fr\/index.php\/wp-json\/wp\/v2\/product\/1645\/revisions"}],"wp:featuredmedia":[{"embeddable":true,"href":"https:\/\/pop-co.fr\/index.php\/wp-json\/wp\/v2\/media\/213375"}],"wp:attachment":[{"href":"https:\/\/pop-co.fr\/index.php\/wp-json\/wp\/v2\/media?parent=1645"}],"wp:term":[{"taxonomy":"product_cat","embeddable":true,"href":"https:\/\/pop-co.fr\/index.php\/wp-json\/wp\/v2\/product_cat?post=1645"},{"taxonomy":"product_tag","embeddable":true,"href":"https:\/\/pop-co.fr\/index.php\/wp-json\/wp\/v2\/product_tag?post=1645"}],"curies":[{"name":"wp","href":"https:\/\/api.w.org\/{rel}","templated":true}]}}