{"id":1654,"date":"2024-02-20T17:45:12","date_gmt":"2024-02-20T16:45:12","guid":{"rendered":"https:\/\/pop-co.fr\/index.php\/product\/naruto-uchiha-itachi-figurine-15cm\/"},"modified":"2025-06-28T13:12:06","modified_gmt":"2025-06-28T11:12:06","slug":"naruto-uchiha-itachi-figurine-15cm","status":"publish","type":"product","link":"https:\/\/pop-co.fr\/index.php\/product\/naruto-uchiha-itachi-figurine-15cm\/","title":{"rendered":"NARUTO &#8211; Uchiha Itachi &#8211; Figurine 15cm"},"content":{"rendered":"<p>Figurine Colosseum 15cm<br \/>\nComposition : PVC<\/p>\n<p>Itachi Uchiha est un membre de l&rsquo;Akatsuki et est le grand fr\u00e8re de Sasuke dans le manga\/anim\u00e9 Naruto.<br \/>\nNaruto est un manga Shonen \u00e9crit par Masashi Kishimoto de 1999 \u00e0 2014; le manga comprend 72 tomes.<\/p>\n","protected":false},"excerpt":{"rendered":"<p>Figurine Colosseum 15cm Composition : PVC Itachi Uchiha est un membre de l&rsquo;Akatsuki et est le grand fr\u00e8re de Sasuke dans le manga\/anim\u00e9 Naruto. Naruto est un manga Shonen \u00e9crit par Masashi Kishimoto de 1999 \u00e0 2014; le manga comprend 72 tomes.<\/p>\n","protected":false},"featured_media":171851,"comment_status":"open","ping_status":"closed","template":"","meta":[],"product_cat":[17,21],"product_tag":[],"aioseo_notices":[],"jetpack_sharing_enabled":true,"_links":{"self":[{"href":"https:\/\/pop-co.fr\/index.php\/wp-json\/wp\/v2\/product\/1654"}],"collection":[{"href":"https:\/\/pop-co.fr\/index.php\/wp-json\/wp\/v2\/product"}],"about":[{"href":"https:\/\/pop-co.fr\/index.php\/wp-json\/wp\/v2\/types\/product"}],"replies":[{"embeddable":true,"href":"https:\/\/pop-co.fr\/index.php\/wp-json\/wp\/v2\/comments?post=1654"}],"version-history":[{"count":0,"href":"https:\/\/pop-co.fr\/index.php\/wp-json\/wp\/v2\/product\/1654\/revisions"}],"wp:featuredmedia":[{"embeddable":true,"href":"https:\/\/pop-co.fr\/index.php\/wp-json\/wp\/v2\/media\/171851"}],"wp:attachment":[{"href":"https:\/\/pop-co.fr\/index.php\/wp-json\/wp\/v2\/media?parent=1654"}],"wp:term":[{"taxonomy":"product_cat","embeddable":true,"href":"https:\/\/pop-co.fr\/index.php\/wp-json\/wp\/v2\/product_cat?post=1654"},{"taxonomy":"product_tag","embeddable":true,"href":"https:\/\/pop-co.fr\/index.php\/wp-json\/wp\/v2\/product_tag?post=1654"}],"curies":[{"name":"wp","href":"https:\/\/api.w.org\/{rel}","templated":true}]}}