{"id":16572,"date":"2024-02-20T23:18:54","date_gmt":"2024-02-20T22:18:54","guid":{"rendered":"https:\/\/pop-co.fr\/index.php\/product\/verre-naruto-insigne-konoha\/"},"modified":"2025-06-28T16:03:17","modified_gmt":"2025-06-28T14:03:17","slug":"verre-naruto-insigne-konoha","status":"publish","type":"product","link":"https:\/\/pop-co.fr\/index.php\/product\/verre-naruto-insigne-konoha\/","title":{"rendered":"VERRE &#8211; NARUTO &#8211; Insigne Konoha"},"content":{"rendered":"<p>En provenance directe de Konoha, le verre Naruto Shippuden repr\u00e9sentant l&#8217;embl\u00e8me du village.<br \/>\n&#8211; Verre haute qualit\u00e9.<br \/>\n&#8211; Contenance : 29 cl.<br \/>\n&#8211; Tenue d&rsquo;impression exceptionnelle : r\u00e9siste \u00e0 plus de 700 cycles au lave-vaisselle.<br \/>\n&#8211; Dimensions : Hauteur 14 cm &#8211; Diam\u00e8tre 6 cm.<\/p>\n","protected":false},"excerpt":{"rendered":"<p>En provenance directe de Konoha, le verre Naruto Shippuden repr\u00e9sentant l&#8217;embl\u00e8me du village. &#8211; Verre haute qualit\u00e9. &#8211; Contenance : 29 cl. &#8211; Tenue d&rsquo;impression exceptionnelle : r\u00e9siste \u00e0 plus de 700 cycles au lave-vaisselle. &#8211; Dimensions : Hauteur 14 cm &#8211; Diam\u00e8tre 6 cm.<\/p>\n","protected":false},"featured_media":152786,"comment_status":"open","ping_status":"closed","template":"","meta":[],"product_cat":[17,21],"product_tag":[],"aioseo_notices":[],"jetpack_sharing_enabled":true,"_links":{"self":[{"href":"https:\/\/pop-co.fr\/index.php\/wp-json\/wp\/v2\/product\/16572"}],"collection":[{"href":"https:\/\/pop-co.fr\/index.php\/wp-json\/wp\/v2\/product"}],"about":[{"href":"https:\/\/pop-co.fr\/index.php\/wp-json\/wp\/v2\/types\/product"}],"replies":[{"embeddable":true,"href":"https:\/\/pop-co.fr\/index.php\/wp-json\/wp\/v2\/comments?post=16572"}],"version-history":[{"count":0,"href":"https:\/\/pop-co.fr\/index.php\/wp-json\/wp\/v2\/product\/16572\/revisions"}],"wp:featuredmedia":[{"embeddable":true,"href":"https:\/\/pop-co.fr\/index.php\/wp-json\/wp\/v2\/media\/152786"}],"wp:attachment":[{"href":"https:\/\/pop-co.fr\/index.php\/wp-json\/wp\/v2\/media?parent=16572"}],"wp:term":[{"taxonomy":"product_cat","embeddable":true,"href":"https:\/\/pop-co.fr\/index.php\/wp-json\/wp\/v2\/product_cat?post=16572"},{"taxonomy":"product_tag","embeddable":true,"href":"https:\/\/pop-co.fr\/index.php\/wp-json\/wp\/v2\/product_tag?post=16572"}],"curies":[{"name":"wp","href":"https:\/\/api.w.org\/{rel}","templated":true}]}}