{"id":16597,"date":"2024-02-20T23:19:20","date_gmt":"2024-02-20T22:19:20","guid":{"rendered":"https:\/\/pop-co.fr\/index.php\/product\/mha-katsuki-bakugo-figurine-sfc-17cm\/"},"modified":"2025-07-29T10:13:26","modified_gmt":"2025-07-29T08:13:26","slug":"mha-katsuki-bakugo-figurine-sfc-17cm","status":"publish","type":"product","link":"https:\/\/pop-co.fr\/index.php\/product\/mha-katsuki-bakugo-figurine-sfc-17cm\/","title":{"rendered":"MHA &#8211; Katsuki Bakugo &#8211; Figurine SFC 17cm"},"content":{"rendered":"<p>Katsuki Bakugo est pr\u00eat \u00e0 d\u00e9ployer toute la puissance de ses explosions gr\u00e2ce \u00e0 ses gants en forme de grenade pour devenir le h\u00e9ros num\u00e9ro un et d\u00e9tr\u00f4ner All Might sur cette figurine My Hero Academia. <\/p>\n<p>&#8211; Figurine en PVC<br \/>\n&#8211; Socle travaill\u00e9 avec embl\u00e8me U.A, l&rsquo;acad\u00e9mie des h\u00e9ros<br \/>\n&#8211; Packaging \u00e0 la licence avec des effets visuels sur la vitre pour plus de dynamisme.<br \/>\n&#8211; Produit 100 % officiel<br \/>\n&#8211; Figurine n\u00b002 de la gamme Super Figure Collection<br \/>\n&#8211; Dimensions : Hauteur 17 cm<br \/>\n&#8211; Echelle : 1\/10\u00e8me<\/p>\n","protected":false},"excerpt":{"rendered":"<p>Katsuki Bakugo est pr\u00eat \u00e0 d\u00e9ployer toute la puissance de ses explosions gr\u00e2ce \u00e0 ses gants en forme de grenade pour devenir le h\u00e9ros num\u00e9ro un et d\u00e9tr\u00f4ner All Might sur cette figurine My Hero Academia. &#8211; Figurine en PVC &#8211; Socle travaill\u00e9 avec embl\u00e8me U.A, l&rsquo;acad\u00e9mie des h\u00e9ros &#8211; Packaging \u00e0 la licence avec [&hellip;]<\/p>\n","protected":false},"featured_media":355400,"comment_status":"open","ping_status":"closed","template":"","meta":[],"product_cat":[17,26],"product_tag":[],"aioseo_notices":[],"jetpack_sharing_enabled":true,"_links":{"self":[{"href":"https:\/\/pop-co.fr\/index.php\/wp-json\/wp\/v2\/product\/16597"}],"collection":[{"href":"https:\/\/pop-co.fr\/index.php\/wp-json\/wp\/v2\/product"}],"about":[{"href":"https:\/\/pop-co.fr\/index.php\/wp-json\/wp\/v2\/types\/product"}],"replies":[{"embeddable":true,"href":"https:\/\/pop-co.fr\/index.php\/wp-json\/wp\/v2\/comments?post=16597"}],"version-history":[{"count":0,"href":"https:\/\/pop-co.fr\/index.php\/wp-json\/wp\/v2\/product\/16597\/revisions"}],"wp:featuredmedia":[{"embeddable":true,"href":"https:\/\/pop-co.fr\/index.php\/wp-json\/wp\/v2\/media\/355400"}],"wp:attachment":[{"href":"https:\/\/pop-co.fr\/index.php\/wp-json\/wp\/v2\/media?parent=16597"}],"wp:term":[{"taxonomy":"product_cat","embeddable":true,"href":"https:\/\/pop-co.fr\/index.php\/wp-json\/wp\/v2\/product_cat?post=16597"},{"taxonomy":"product_tag","embeddable":true,"href":"https:\/\/pop-co.fr\/index.php\/wp-json\/wp\/v2\/product_tag?post=16597"}],"curies":[{"name":"wp","href":"https:\/\/api.w.org\/{rel}","templated":true}]}}