{"id":16605,"date":"2024-02-20T23:19:32","date_gmt":"2024-02-20T22:19:32","guid":{"rendered":"https:\/\/pop-co.fr\/index.php\/product\/casquette-one-piece-skull-portgas-d-ace\/"},"modified":"2024-02-27T16:51:44","modified_gmt":"2024-02-27T15:51:44","slug":"casquette-one-piece-skull-portgas-d-ace","status":"publish","type":"product","link":"https:\/\/pop-co.fr\/index.php\/product\/casquette-one-piece-skull-portgas-d-ace\/","title":{"rendered":"CASQUETTE &#8211; ONE PIECE &#8211; Skull Portgas D Ace"},"content":{"rendered":"<p>Portez fi\u00e8rement l&#8217;embl\u00e8me d&rsquo;Ace, le commandant de la seconde flotte de l&rsquo;\u00e9quipage de Barbe Blanche avec cette g\u00e9niale casquette One Piece ! <\/p>\n<p>&#8211; Casquette en polyester<br \/>\n&#8211; Broderie de haute qualit\u00e9.<br \/>\n&#8211; Taille r\u00e9glable.<br \/>\n&#8211; Coloris : noir<\/p>\n","protected":false},"excerpt":{"rendered":"<p>Portez fi\u00e8rement l&#8217;embl\u00e8me d&rsquo;Ace, le commandant de la seconde flotte de l&rsquo;\u00e9quipage de Barbe Blanche avec cette g\u00e9niale casquette One Piece ! &#8211; Casquette en polyester &#8211; Broderie de haute qualit\u00e9. &#8211; Taille r\u00e9glable. &#8211; Coloris : noir<\/p>\n","protected":false},"featured_media":38847,"comment_status":"open","ping_status":"closed","template":"","meta":[],"product_cat":[50,47],"product_tag":[],"aioseo_notices":[],"jetpack_sharing_enabled":true,"_links":{"self":[{"href":"https:\/\/pop-co.fr\/index.php\/wp-json\/wp\/v2\/product\/16605"}],"collection":[{"href":"https:\/\/pop-co.fr\/index.php\/wp-json\/wp\/v2\/product"}],"about":[{"href":"https:\/\/pop-co.fr\/index.php\/wp-json\/wp\/v2\/types\/product"}],"replies":[{"embeddable":true,"href":"https:\/\/pop-co.fr\/index.php\/wp-json\/wp\/v2\/comments?post=16605"}],"version-history":[{"count":0,"href":"https:\/\/pop-co.fr\/index.php\/wp-json\/wp\/v2\/product\/16605\/revisions"}],"wp:featuredmedia":[{"embeddable":true,"href":"https:\/\/pop-co.fr\/index.php\/wp-json\/wp\/v2\/media\/38847"}],"wp:attachment":[{"href":"https:\/\/pop-co.fr\/index.php\/wp-json\/wp\/v2\/media?parent=16605"}],"wp:term":[{"taxonomy":"product_cat","embeddable":true,"href":"https:\/\/pop-co.fr\/index.php\/wp-json\/wp\/v2\/product_cat?post=16605"},{"taxonomy":"product_tag","embeddable":true,"href":"https:\/\/pop-co.fr\/index.php\/wp-json\/wp\/v2\/product_tag?post=16605"}],"curies":[{"name":"wp","href":"https:\/\/api.w.org\/{rel}","templated":true}]}}