{"id":167285,"date":"2024-09-24T11:07:58","date_gmt":"2024-09-24T09:07:58","guid":{"rendered":"https:\/\/pop-co.fr\/index.php\/product\/boule-a-neige-disney-stitch-surf-2\/"},"modified":"2025-06-28T12:22:52","modified_gmt":"2025-06-28T10:22:52","slug":"boule-a-neige-disney-stitch-surf-2","status":"publish","type":"product","link":"https:\/\/pop-co.fr\/index.php\/product\/boule-a-neige-disney-stitch-surf-2\/","title":{"rendered":"BOULE A NEIGE &#8211; DISNEY &#8211; Stitch surf"},"content":{"rendered":"<p>Elle est faite de r\u00e9sine et de verre. \u00c0 l&rsquo;int\u00e9rieur se trouvent des particules qui sont maintenues en suspension lorsque la boule est secou\u00e9e. Apr\u00e8s un court laps de temps, elles retournent \u00e0 leur \u00e9tat naturel de repos. Dimensions : 8 x 10 x 8 cm.<\/p>\n","protected":false},"excerpt":{"rendered":"<p>Elle est faite de r\u00e9sine et de verre. \u00c0 l&rsquo;int\u00e9rieur se trouvent des particules qui sont maintenues en suspension lorsque la boule est secou\u00e9e. Apr\u00e8s un court laps de temps, elles retournent \u00e0 leur \u00e9tat naturel de repos. Dimensions : 8 x 10 x 8 cm.<\/p>\n","protected":false},"featured_media":331921,"comment_status":"open","ping_status":"closed","template":"","meta":[],"product_cat":[30],"product_tag":[],"aioseo_notices":[],"jetpack_sharing_enabled":true,"_links":{"self":[{"href":"https:\/\/pop-co.fr\/index.php\/wp-json\/wp\/v2\/product\/167285"}],"collection":[{"href":"https:\/\/pop-co.fr\/index.php\/wp-json\/wp\/v2\/product"}],"about":[{"href":"https:\/\/pop-co.fr\/index.php\/wp-json\/wp\/v2\/types\/product"}],"replies":[{"embeddable":true,"href":"https:\/\/pop-co.fr\/index.php\/wp-json\/wp\/v2\/comments?post=167285"}],"version-history":[{"count":0,"href":"https:\/\/pop-co.fr\/index.php\/wp-json\/wp\/v2\/product\/167285\/revisions"}],"wp:featuredmedia":[{"embeddable":true,"href":"https:\/\/pop-co.fr\/index.php\/wp-json\/wp\/v2\/media\/331921"}],"wp:attachment":[{"href":"https:\/\/pop-co.fr\/index.php\/wp-json\/wp\/v2\/media?parent=167285"}],"wp:term":[{"taxonomy":"product_cat","embeddable":true,"href":"https:\/\/pop-co.fr\/index.php\/wp-json\/wp\/v2\/product_cat?post=167285"},{"taxonomy":"product_tag","embeddable":true,"href":"https:\/\/pop-co.fr\/index.php\/wp-json\/wp\/v2\/product_tag?post=167285"}],"curies":[{"name":"wp","href":"https:\/\/api.w.org\/{rel}","templated":true}]}}