{"id":168324,"date":"2024-09-26T10:08:53","date_gmt":"2024-09-26T08:08:53","guid":{"rendered":"https:\/\/pop-co.fr\/index.php\/product\/theiere-dragon-ball-shenron\/"},"modified":"2025-06-28T12:22:02","modified_gmt":"2025-06-28T10:22:02","slug":"theiere-dragon-ball-shenron","status":"publish","type":"product","link":"https:\/\/pop-co.fr\/index.php\/product\/theiere-dragon-ball-shenron\/","title":{"rendered":"THEIERE &#8211; DRAGON BALL &#8211; Shenron"},"content":{"rendered":"<p>Avec ABYstyle, vous pourrez d\u00e9sormais pr\u00e9parer et servir votre th\u00e9 gr\u00e2ce \u00e0 cette superbe th\u00e9i\u00e8re inspir\u00e9e du dragon Shenron et de l&rsquo;univers Dragon Ball. <\/p>\n<p>&#8211; Contenance : 750 ml<br \/>\n&#8211; Mati\u00e8re : c\u00e9ramique.<br \/>\n&#8211; Belle anse en m\u00e9tal pour tenir la th\u00e9i\u00e8re<br \/>\n&#8211; Ne passe pas au micro-ondes ou au lave-vaisselle.<\/p>\n","protected":false},"excerpt":{"rendered":"<p>Avec ABYstyle, vous pourrez d\u00e9sormais pr\u00e9parer et servir votre th\u00e9 gr\u00e2ce \u00e0 cette superbe th\u00e9i\u00e8re inspir\u00e9e du dragon Shenron et de l&rsquo;univers Dragon Ball. &#8211; Contenance : 750 ml &#8211; Mati\u00e8re : c\u00e9ramique. &#8211; Belle anse en m\u00e9tal pour tenir la th\u00e9i\u00e8re &#8211; Ne passe pas au micro-ondes ou au lave-vaisselle.<\/p>\n","protected":false},"featured_media":168573,"comment_status":"open","ping_status":"closed","template":"","meta":[],"product_cat":[17,23],"product_tag":[],"aioseo_notices":[],"jetpack_sharing_enabled":true,"_links":{"self":[{"href":"https:\/\/pop-co.fr\/index.php\/wp-json\/wp\/v2\/product\/168324"}],"collection":[{"href":"https:\/\/pop-co.fr\/index.php\/wp-json\/wp\/v2\/product"}],"about":[{"href":"https:\/\/pop-co.fr\/index.php\/wp-json\/wp\/v2\/types\/product"}],"replies":[{"embeddable":true,"href":"https:\/\/pop-co.fr\/index.php\/wp-json\/wp\/v2\/comments?post=168324"}],"version-history":[{"count":0,"href":"https:\/\/pop-co.fr\/index.php\/wp-json\/wp\/v2\/product\/168324\/revisions"}],"wp:featuredmedia":[{"embeddable":true,"href":"https:\/\/pop-co.fr\/index.php\/wp-json\/wp\/v2\/media\/168573"}],"wp:attachment":[{"href":"https:\/\/pop-co.fr\/index.php\/wp-json\/wp\/v2\/media?parent=168324"}],"wp:term":[{"taxonomy":"product_cat","embeddable":true,"href":"https:\/\/pop-co.fr\/index.php\/wp-json\/wp\/v2\/product_cat?post=168324"},{"taxonomy":"product_tag","embeddable":true,"href":"https:\/\/pop-co.fr\/index.php\/wp-json\/wp\/v2\/product_tag?post=168324"}],"curies":[{"name":"wp","href":"https:\/\/api.w.org\/{rel}","templated":true}]}}