{"id":168454,"date":"2024-09-26T10:22:22","date_gmt":"2024-09-26T08:22:22","guid":{"rendered":"https:\/\/pop-co.fr\/index.php\/product\/disney-simba-le-roi-lion-figurine-sfc-10cm-3\/"},"modified":"2025-07-19T14:32:11","modified_gmt":"2025-07-19T12:32:11","slug":"disney-simba-le-roi-lion-figurine-sfc-10cm-3","status":"publish","type":"product","link":"https:\/\/pop-co.fr\/index.php\/product\/disney-simba-le-roi-lion-figurine-sfc-10cm-3\/","title":{"rendered":"DISNEY &#8211; Simba (Le roi lion) &#8211; Figurine SFC 10cm"},"content":{"rendered":"<p>C&rsquo;est lui Simba, c&rsquo;est lui le roi, du royaume animal !<br \/>\nCelui qui se voyait d\u00e9j\u00e0 r\u00e9gner sur le royaume de la Terre des Lions est ici repr\u00e9sent\u00e9, coiff\u00e9 d&rsquo;une crini\u00e8re de feuilles et perch\u00e9 au sommet d&rsquo;un tronc d&rsquo;arbre. Cette adorable figurine illustre parfaitement l&rsquo;attitude enjou\u00e9e et insouciante du futur souverain. Il y a fort \u00e0 parier que cette nouvelle figurine aux couleurs \u00e9clatantes, de la gamme SG par ABYstyle Studio, fera une entr\u00e9e triomphante dans votre collection Disney ! <\/p>\n<p>&#8211; Figurine en PVC de la gamme SG<br \/>\n&#8211; Hauteur : 10 cm<br \/>\n&#8211; Echelle : 1\/10\u00e8me<\/p>\n","protected":false},"excerpt":{"rendered":"<p>C&rsquo;est lui Simba, c&rsquo;est lui le roi, du royaume animal ! Celui qui se voyait d\u00e9j\u00e0 r\u00e9gner sur le royaume de la Terre des Lions est ici repr\u00e9sent\u00e9, coiff\u00e9 d&rsquo;une crini\u00e8re de feuilles et perch\u00e9 au sommet d&rsquo;un tronc d&rsquo;arbre. Cette adorable figurine illustre parfaitement l&rsquo;attitude enjou\u00e9e et insouciante du futur souverain. Il y a [&hellip;]<\/p>\n","protected":false},"featured_media":354774,"comment_status":"open","ping_status":"closed","template":"","meta":[],"product_cat":[29],"product_tag":[],"aioseo_notices":[],"jetpack_sharing_enabled":true,"_links":{"self":[{"href":"https:\/\/pop-co.fr\/index.php\/wp-json\/wp\/v2\/product\/168454"}],"collection":[{"href":"https:\/\/pop-co.fr\/index.php\/wp-json\/wp\/v2\/product"}],"about":[{"href":"https:\/\/pop-co.fr\/index.php\/wp-json\/wp\/v2\/types\/product"}],"replies":[{"embeddable":true,"href":"https:\/\/pop-co.fr\/index.php\/wp-json\/wp\/v2\/comments?post=168454"}],"version-history":[{"count":0,"href":"https:\/\/pop-co.fr\/index.php\/wp-json\/wp\/v2\/product\/168454\/revisions"}],"wp:featuredmedia":[{"embeddable":true,"href":"https:\/\/pop-co.fr\/index.php\/wp-json\/wp\/v2\/media\/354774"}],"wp:attachment":[{"href":"https:\/\/pop-co.fr\/index.php\/wp-json\/wp\/v2\/media?parent=168454"}],"wp:term":[{"taxonomy":"product_cat","embeddable":true,"href":"https:\/\/pop-co.fr\/index.php\/wp-json\/wp\/v2\/product_cat?post=168454"},{"taxonomy":"product_tag","embeddable":true,"href":"https:\/\/pop-co.fr\/index.php\/wp-json\/wp\/v2\/product_tag?post=168454"}],"curies":[{"name":"wp","href":"https:\/\/api.w.org\/{rel}","templated":true}]}}