{"id":168490,"date":"2024-09-26T10:22:49","date_gmt":"2024-09-26T08:22:49","guid":{"rendered":"https:\/\/pop-co.fr\/index.php\/product\/verre-xxl-pokemon-dracaufeu-2\/"},"modified":"2025-06-28T12:22:01","modified_gmt":"2025-06-28T10:22:01","slug":"verre-xxl-pokemon-dracaufeu-2","status":"publish","type":"product","link":"https:\/\/pop-co.fr\/index.php\/product\/verre-xxl-pokemon-dracaufeu-2\/","title":{"rendered":"VERRE XXL &#8211; POKEMON &#8211; Dracaufeu"},"content":{"rendered":"<p>Dracaufeu est superbe sur ce Verre XXL par ABYstyle ! <\/p>\n<p>&#8211; Mati\u00e8re : verre haute qualit\u00e9.<br \/>\n&#8211; Grande contenance (40 cl).<br \/>\n&#8211; Ne passe pas au micro-ondes ou au lave-vaisselle.<br \/>\n&#8211; Packaging : bo\u00eete cartonn\u00e9e ouverte \u00e0 la licence permettant une visibilit\u00e9 \u00e0 360\u00b0.<\/p>\n","protected":false},"excerpt":{"rendered":"<p>Dracaufeu est superbe sur ce Verre XXL par ABYstyle ! &#8211; Mati\u00e8re : verre haute qualit\u00e9. &#8211; Grande contenance (40 cl). &#8211; Ne passe pas au micro-ondes ou au lave-vaisselle. &#8211; Packaging : bo\u00eete cartonn\u00e9e ouverte \u00e0 la licence permettant une visibilit\u00e9 \u00e0 360\u00b0.<\/p>\n","protected":false},"featured_media":347769,"comment_status":"open","ping_status":"closed","template":"","meta":[],"product_cat":[34,20],"product_tag":[],"aioseo_notices":[],"jetpack_sharing_enabled":true,"_links":{"self":[{"href":"https:\/\/pop-co.fr\/index.php\/wp-json\/wp\/v2\/product\/168490"}],"collection":[{"href":"https:\/\/pop-co.fr\/index.php\/wp-json\/wp\/v2\/product"}],"about":[{"href":"https:\/\/pop-co.fr\/index.php\/wp-json\/wp\/v2\/types\/product"}],"replies":[{"embeddable":true,"href":"https:\/\/pop-co.fr\/index.php\/wp-json\/wp\/v2\/comments?post=168490"}],"version-history":[{"count":0,"href":"https:\/\/pop-co.fr\/index.php\/wp-json\/wp\/v2\/product\/168490\/revisions"}],"wp:featuredmedia":[{"embeddable":true,"href":"https:\/\/pop-co.fr\/index.php\/wp-json\/wp\/v2\/media\/347769"}],"wp:attachment":[{"href":"https:\/\/pop-co.fr\/index.php\/wp-json\/wp\/v2\/media?parent=168490"}],"wp:term":[{"taxonomy":"product_cat","embeddable":true,"href":"https:\/\/pop-co.fr\/index.php\/wp-json\/wp\/v2\/product_cat?post=168490"},{"taxonomy":"product_tag","embeddable":true,"href":"https:\/\/pop-co.fr\/index.php\/wp-json\/wp\/v2\/product_tag?post=168490"}],"curies":[{"name":"wp","href":"https:\/\/api.w.org\/{rel}","templated":true}]}}