{"id":168540,"date":"2024-09-26T10:23:29","date_gmt":"2024-09-26T08:23:29","guid":{"rendered":"https:\/\/pop-co.fr\/index.php\/product\/verre-xxl-pokemon-pikachu-3\/"},"modified":"2025-06-28T12:22:00","modified_gmt":"2025-06-28T10:22:00","slug":"verre-xxl-pokemon-pikachu-3","status":"publish","type":"product","link":"https:\/\/pop-co.fr\/index.php\/product\/verre-xxl-pokemon-pikachu-3\/","title":{"rendered":"VERRE XXL &#8211; POKEMON &#8211; Pikachu"},"content":{"rendered":"<p>Pikachu ne peut s&#8217;emp\u00eacher de sourire sur ce verre Pok\u00e9mon par ABYstyle. <\/p>\n<p>&#8211; Mati\u00e8re : verre haute qualit\u00e9.<br \/>\n&#8211; Grande contenance (40 cl).<br \/>\n&#8211; Ne passe pas au micro-ondes ou au lave-vaisselle.<br \/>\n&#8211; Packaging : bo\u00eete cartonn\u00e9e ouverte \u00e0 la licence permettant une visibilit\u00e9 \u00e0 360\u00b0.<\/p>\n","protected":false},"excerpt":{"rendered":"<p>Pikachu ne peut s&#8217;emp\u00eacher de sourire sur ce verre Pok\u00e9mon par ABYstyle. &#8211; Mati\u00e8re : verre haute qualit\u00e9. &#8211; Grande contenance (40 cl). &#8211; Ne passe pas au micro-ondes ou au lave-vaisselle. &#8211; Packaging : bo\u00eete cartonn\u00e9e ouverte \u00e0 la licence permettant une visibilit\u00e9 \u00e0 360\u00b0.<\/p>\n","protected":false},"featured_media":352172,"comment_status":"open","ping_status":"closed","template":"","meta":[],"product_cat":[34,20],"product_tag":[],"aioseo_notices":[],"jetpack_sharing_enabled":true,"_links":{"self":[{"href":"https:\/\/pop-co.fr\/index.php\/wp-json\/wp\/v2\/product\/168540"}],"collection":[{"href":"https:\/\/pop-co.fr\/index.php\/wp-json\/wp\/v2\/product"}],"about":[{"href":"https:\/\/pop-co.fr\/index.php\/wp-json\/wp\/v2\/types\/product"}],"replies":[{"embeddable":true,"href":"https:\/\/pop-co.fr\/index.php\/wp-json\/wp\/v2\/comments?post=168540"}],"version-history":[{"count":0,"href":"https:\/\/pop-co.fr\/index.php\/wp-json\/wp\/v2\/product\/168540\/revisions"}],"wp:featuredmedia":[{"embeddable":true,"href":"https:\/\/pop-co.fr\/index.php\/wp-json\/wp\/v2\/media\/352172"}],"wp:attachment":[{"href":"https:\/\/pop-co.fr\/index.php\/wp-json\/wp\/v2\/media?parent=168540"}],"wp:term":[{"taxonomy":"product_cat","embeddable":true,"href":"https:\/\/pop-co.fr\/index.php\/wp-json\/wp\/v2\/product_cat?post=168540"},{"taxonomy":"product_tag","embeddable":true,"href":"https:\/\/pop-co.fr\/index.php\/wp-json\/wp\/v2\/product_tag?post=168540"}],"curies":[{"name":"wp","href":"https:\/\/api.w.org\/{rel}","templated":true}]}}