{"id":170882,"date":"2024-10-01T12:24:13","date_gmt":"2024-10-01T10:24:13","guid":{"rendered":"https:\/\/pop-co.fr\/index.php\/product\/mercredi-pop-n1579-bianca-barclay\/"},"modified":"2025-07-29T12:03:24","modified_gmt":"2025-07-29T10:03:24","slug":"mercredi-pop-n1579-bianca-barclay","status":"publish","type":"product","link":"https:\/\/pop-co.fr\/index.php\/product\/mercredi-pop-n1579-bianca-barclay\/","title":{"rendered":"WEDNESDAY &#8211; POP N\u00b01579 &#8211; Bianca Barclay"},"content":{"rendered":"<p>Dansez toute la nuit au Rave&rsquo;N avec Pop ! Bianca Barclay ! Compl\u00e9tez votre feuille de pr\u00e9sence \u00e0 l&rsquo;Acad\u00e9mie Nevermore en l&rsquo;accueillant dans votre collection Netflix Mercredi. R\u00e9agissez et r\u00e9unissez cette Sir\u00e8ne avec ses pairs dans votre collection de T\u00e9l\u00e9vision.<\/p>\n","protected":false},"excerpt":{"rendered":"<p>Dansez toute la nuit au Rave&rsquo;N avec Pop ! Bianca Barclay ! Compl\u00e9tez votre feuille de pr\u00e9sence \u00e0 l&rsquo;Acad\u00e9mie Nevermore en l&rsquo;accueillant dans votre collection Netflix Mercredi. R\u00e9agissez et r\u00e9unissez cette Sir\u00e8ne avec ses pairs dans votre collection de T\u00e9l\u00e9vision.<\/p>\n","protected":false},"featured_media":356680,"comment_status":"open","ping_status":"closed","template":"","meta":[],"product_cat":[39,64],"product_tag":[],"aioseo_notices":[],"jetpack_sharing_enabled":true,"_links":{"self":[{"href":"https:\/\/pop-co.fr\/index.php\/wp-json\/wp\/v2\/product\/170882"}],"collection":[{"href":"https:\/\/pop-co.fr\/index.php\/wp-json\/wp\/v2\/product"}],"about":[{"href":"https:\/\/pop-co.fr\/index.php\/wp-json\/wp\/v2\/types\/product"}],"replies":[{"embeddable":true,"href":"https:\/\/pop-co.fr\/index.php\/wp-json\/wp\/v2\/comments?post=170882"}],"version-history":[{"count":0,"href":"https:\/\/pop-co.fr\/index.php\/wp-json\/wp\/v2\/product\/170882\/revisions"}],"wp:featuredmedia":[{"embeddable":true,"href":"https:\/\/pop-co.fr\/index.php\/wp-json\/wp\/v2\/media\/356680"}],"wp:attachment":[{"href":"https:\/\/pop-co.fr\/index.php\/wp-json\/wp\/v2\/media?parent=170882"}],"wp:term":[{"taxonomy":"product_cat","embeddable":true,"href":"https:\/\/pop-co.fr\/index.php\/wp-json\/wp\/v2\/product_cat?post=170882"},{"taxonomy":"product_tag","embeddable":true,"href":"https:\/\/pop-co.fr\/index.php\/wp-json\/wp\/v2\/product_tag?post=170882"}],"curies":[{"name":"wp","href":"https:\/\/api.w.org\/{rel}","templated":true}]}}