{"id":170901,"date":"2024-10-01T12:24:26","date_gmt":"2024-10-01T10:24:26","guid":{"rendered":"https:\/\/pop-co.fr\/index.php\/product\/mercredi-pop-n1577-mercredi-addams-dansant-2\/"},"modified":"2025-09-16T15:36:43","modified_gmt":"2025-09-16T13:36:43","slug":"mercredi-pop-n1577-mercredi-addams-dansant-2","status":"publish","type":"product","link":"https:\/\/pop-co.fr\/index.php\/product\/mercredi-pop-n1577-mercredi-addams-dansant-2\/","title":{"rendered":"WEDNESDAY &#8211; POP N\u00b01577 &#8211; Mercredi Addams (Dansant)"},"content":{"rendered":"<p>Dansez toute la nuit au Rave&rsquo;N avec Pop ! Mercredi Addams ! Compl\u00e9tez votre feuille de pr\u00e9sence \u00e0 l&rsquo;Acad\u00e9mie Nevermore en l&rsquo;accueillant dans votre collection Netflix Mercredi. R\u00e9agissez et r\u00e9unissez cette auteure en herbe et super d\u00e9tective avec ses pairs dans votre collection T\u00e9l\u00e9vision.<\/p>\n","protected":false},"excerpt":{"rendered":"<p>Dansez toute la nuit au Rave&rsquo;N avec Pop ! Mercredi Addams ! Compl\u00e9tez votre feuille de pr\u00e9sence \u00e0 l&rsquo;Acad\u00e9mie Nevermore en l&rsquo;accueillant dans votre collection Netflix Mercredi. R\u00e9agissez et r\u00e9unissez cette auteure en herbe et super d\u00e9tective avec ses pairs dans votre collection T\u00e9l\u00e9vision.<\/p>\n","protected":false},"featured_media":358648,"comment_status":"open","ping_status":"closed","template":"","meta":[],"product_cat":[39,64],"product_tag":[],"aioseo_notices":[],"jetpack_sharing_enabled":true,"_links":{"self":[{"href":"https:\/\/pop-co.fr\/index.php\/wp-json\/wp\/v2\/product\/170901"}],"collection":[{"href":"https:\/\/pop-co.fr\/index.php\/wp-json\/wp\/v2\/product"}],"about":[{"href":"https:\/\/pop-co.fr\/index.php\/wp-json\/wp\/v2\/types\/product"}],"replies":[{"embeddable":true,"href":"https:\/\/pop-co.fr\/index.php\/wp-json\/wp\/v2\/comments?post=170901"}],"version-history":[{"count":0,"href":"https:\/\/pop-co.fr\/index.php\/wp-json\/wp\/v2\/product\/170901\/revisions"}],"wp:featuredmedia":[{"embeddable":true,"href":"https:\/\/pop-co.fr\/index.php\/wp-json\/wp\/v2\/media\/358648"}],"wp:attachment":[{"href":"https:\/\/pop-co.fr\/index.php\/wp-json\/wp\/v2\/media?parent=170901"}],"wp:term":[{"taxonomy":"product_cat","embeddable":true,"href":"https:\/\/pop-co.fr\/index.php\/wp-json\/wp\/v2\/product_cat?post=170901"},{"taxonomy":"product_tag","embeddable":true,"href":"https:\/\/pop-co.fr\/index.php\/wp-json\/wp\/v2\/product_tag?post=170901"}],"curies":[{"name":"wp","href":"https:\/\/api.w.org\/{rel}","templated":true}]}}