{"id":171348,"date":"2024-10-02T12:19:56","date_gmt":"2024-10-02T10:19:56","guid":{"rendered":"https:\/\/pop-co.fr\/index.php\/product\/lego-jurassic\/"},"modified":"2025-06-28T12:20:56","modified_gmt":"2025-06-28T10:20:56","slug":"lego-jurassic","status":"publish","type":"product","link":"https:\/\/pop-co.fr\/index.php\/product\/lego-jurassic\/","title":{"rendered":"LEGO &#8211; JURASSIC WORLD &#8211; L\u2019\u00e9vasion du T-Rex"},"content":{"rendered":"<p>Les enfants de 4 ans et plus passionn\u00e9s de dinosaures et de v\u00e9hicules vont adorer apprendre \u00e0 construire avec L\u2019\u00e9vasion du T. rex LEGO\u00ae Jurassic World (76944). Le set inclut un a\u00e9roport avec un h\u00e9liport, un garage, un h\u00e9licopt\u00e8re, un buggy, une cl\u00f4ture qui s\u2019effondre et un T. rex articul\u00e9. La bo\u00eete contient aussi 3 minifigurines &#8211; Owen Grady, Zia Rodriguez et un gardien d\u2019animaux sauvages &#8211; ainsi qu\u2019un \u0153uf de dinosaure et un talkie-walkie pour stimuler le jeu.<\/p>\n","protected":false},"excerpt":{"rendered":"<p>Les enfants de 4 ans et plus passionn\u00e9s de dinosaures et de v\u00e9hicules vont adorer apprendre \u00e0 construire avec L\u2019\u00e9vasion du T. rex LEGO\u00ae Jurassic World (76944). Le set inclut un a\u00e9roport avec un h\u00e9liport, un garage, un h\u00e9licopt\u00e8re, un buggy, une cl\u00f4ture qui s\u2019effondre et un T. rex articul\u00e9. La bo\u00eete contient aussi 3 [&hellip;]<\/p>\n","protected":false},"featured_media":173338,"comment_status":"open","ping_status":"closed","template":"","meta":[],"product_cat":[44,39],"product_tag":[],"aioseo_notices":[],"jetpack_sharing_enabled":true,"_links":{"self":[{"href":"https:\/\/pop-co.fr\/index.php\/wp-json\/wp\/v2\/product\/171348"}],"collection":[{"href":"https:\/\/pop-co.fr\/index.php\/wp-json\/wp\/v2\/product"}],"about":[{"href":"https:\/\/pop-co.fr\/index.php\/wp-json\/wp\/v2\/types\/product"}],"replies":[{"embeddable":true,"href":"https:\/\/pop-co.fr\/index.php\/wp-json\/wp\/v2\/comments?post=171348"}],"version-history":[{"count":0,"href":"https:\/\/pop-co.fr\/index.php\/wp-json\/wp\/v2\/product\/171348\/revisions"}],"wp:featuredmedia":[{"embeddable":true,"href":"https:\/\/pop-co.fr\/index.php\/wp-json\/wp\/v2\/media\/173338"}],"wp:attachment":[{"href":"https:\/\/pop-co.fr\/index.php\/wp-json\/wp\/v2\/media?parent=171348"}],"wp:term":[{"taxonomy":"product_cat","embeddable":true,"href":"https:\/\/pop-co.fr\/index.php\/wp-json\/wp\/v2\/product_cat?post=171348"},{"taxonomy":"product_tag","embeddable":true,"href":"https:\/\/pop-co.fr\/index.php\/wp-json\/wp\/v2\/product_tag?post=171348"}],"curies":[{"name":"wp","href":"https:\/\/api.w.org\/{rel}","templated":true}]}}