{"id":1718,"date":"2024-02-20T17:46:20","date_gmt":"2024-02-20T16:46:20","guid":{"rendered":"https:\/\/pop-co.fr\/index.php\/product\/demon-slayer-personnages-figurine-mystere\/"},"modified":"2025-06-28T13:12:32","modified_gmt":"2025-06-28T11:12:32","slug":"demon-slayer-personnages-figurine-mystere","status":"publish","type":"product","link":"https:\/\/pop-co.fr\/index.php\/product\/demon-slayer-personnages-figurine-mystere\/","title":{"rendered":"DEMON SLAYER &#8211; Personnages &#8211; Figurine myst\u00e8re"},"content":{"rendered":"<p>*ATTENTION PRODUIT AL\u00c9ATOIRE NE POUVANT \u00caTRE RETOURN\u00c9*<\/p>\n<p>Apprenez \u00e0 combattre les d\u00e9mons avec les figurines myst\u00e8re de Demon Slayer ! Retrouvez vos personnages pr\u00e9f\u00e9r\u00e9s de Demon Slayer dans cet assortiment de nouvelles figurines repr\u00e9sentant les membres du corps des tueurs de d\u00e9mons et certaines de leurs carri\u00e8res les plus insaisissables. Il y a Tanjiro, Nezuko, Inosuke, Zenitsu, Tanjiro avec le dragon, Inosuke d\u00e9masqu\u00e9, Gyomei, Kanao, Mitsuri, Rui, Muzan, Giyu, Metallic Nezuko et Glow Zenitsu. La figurine en vinyle mesure au maximum 7,6 cm, la hauteur varie en fonction de la figurine. Une seule figurine par paquet.<\/p>\n","protected":false},"excerpt":{"rendered":"<p>*ATTENTION PRODUIT AL\u00c9ATOIRE NE POUVANT \u00caTRE RETOURN\u00c9* Apprenez \u00e0 combattre les d\u00e9mons avec les figurines myst\u00e8re de Demon Slayer ! Retrouvez vos personnages pr\u00e9f\u00e9r\u00e9s de Demon Slayer dans cet assortiment de nouvelles figurines repr\u00e9sentant les membres du corps des tueurs de d\u00e9mons et certaines de leurs carri\u00e8res les plus insaisissables. Il y a Tanjiro, Nezuko, [&hellip;]<\/p>\n","protected":false},"featured_media":149051,"comment_status":"open","ping_status":"closed","template":"","meta":[],"product_cat":[17,24],"product_tag":[],"aioseo_notices":[],"jetpack_sharing_enabled":true,"_links":{"self":[{"href":"https:\/\/pop-co.fr\/index.php\/wp-json\/wp\/v2\/product\/1718"}],"collection":[{"href":"https:\/\/pop-co.fr\/index.php\/wp-json\/wp\/v2\/product"}],"about":[{"href":"https:\/\/pop-co.fr\/index.php\/wp-json\/wp\/v2\/types\/product"}],"replies":[{"embeddable":true,"href":"https:\/\/pop-co.fr\/index.php\/wp-json\/wp\/v2\/comments?post=1718"}],"version-history":[{"count":0,"href":"https:\/\/pop-co.fr\/index.php\/wp-json\/wp\/v2\/product\/1718\/revisions"}],"wp:featuredmedia":[{"embeddable":true,"href":"https:\/\/pop-co.fr\/index.php\/wp-json\/wp\/v2\/media\/149051"}],"wp:attachment":[{"href":"https:\/\/pop-co.fr\/index.php\/wp-json\/wp\/v2\/media?parent=1718"}],"wp:term":[{"taxonomy":"product_cat","embeddable":true,"href":"https:\/\/pop-co.fr\/index.php\/wp-json\/wp\/v2\/product_cat?post=1718"},{"taxonomy":"product_tag","embeddable":true,"href":"https:\/\/pop-co.fr\/index.php\/wp-json\/wp\/v2\/product_tag?post=1718"}],"curies":[{"name":"wp","href":"https:\/\/api.w.org\/{rel}","templated":true}]}}