{"id":1724,"date":"2024-02-20T17:46:27","date_gmt":"2024-02-20T16:46:27","guid":{"rendered":"https:\/\/pop-co.fr\/index.php\/product\/pokemon-pop-n947-capumain\/"},"modified":"2025-07-29T11:22:22","modified_gmt":"2025-07-29T09:22:22","slug":"pokemon-pop-n947-capumain","status":"publish","type":"product","link":"https:\/\/pop-co.fr\/index.php\/product\/pokemon-pop-n947-capumain\/","title":{"rendered":"POKEMON &#8211; POP N\u00b0947 Capumain"},"content":{"rendered":"<p>Ton r\u00eave de devenir entra\u00eeneur n&rsquo;est pas hors de port\u00e9e ! Attrape ce Pop ! Capumain exclusive \u00e0 ajouter \u00e0 ta collection de Pok\u00e9mon.<\/p>\n","protected":false},"excerpt":{"rendered":"<p>Ton r\u00eave de devenir entra\u00eeneur n&rsquo;est pas hors de port\u00e9e ! Attrape ce Pop ! Capumain exclusive \u00e0 ajouter \u00e0 ta collection de Pok\u00e9mon.<\/p>\n","protected":false},"featured_media":356335,"comment_status":"open","ping_status":"closed","template":"","meta":[],"product_cat":[34,20],"product_tag":[],"aioseo_notices":[],"jetpack_sharing_enabled":true,"_links":{"self":[{"href":"https:\/\/pop-co.fr\/index.php\/wp-json\/wp\/v2\/product\/1724"}],"collection":[{"href":"https:\/\/pop-co.fr\/index.php\/wp-json\/wp\/v2\/product"}],"about":[{"href":"https:\/\/pop-co.fr\/index.php\/wp-json\/wp\/v2\/types\/product"}],"replies":[{"embeddable":true,"href":"https:\/\/pop-co.fr\/index.php\/wp-json\/wp\/v2\/comments?post=1724"}],"version-history":[{"count":0,"href":"https:\/\/pop-co.fr\/index.php\/wp-json\/wp\/v2\/product\/1724\/revisions"}],"wp:featuredmedia":[{"embeddable":true,"href":"https:\/\/pop-co.fr\/index.php\/wp-json\/wp\/v2\/media\/356335"}],"wp:attachment":[{"href":"https:\/\/pop-co.fr\/index.php\/wp-json\/wp\/v2\/media?parent=1724"}],"wp:term":[{"taxonomy":"product_cat","embeddable":true,"href":"https:\/\/pop-co.fr\/index.php\/wp-json\/wp\/v2\/product_cat?post=1724"},{"taxonomy":"product_tag","embeddable":true,"href":"https:\/\/pop-co.fr\/index.php\/wp-json\/wp\/v2\/product_tag?post=1724"}],"curies":[{"name":"wp","href":"https:\/\/api.w.org\/{rel}","templated":true}]}}