{"id":1727,"date":"2024-02-20T17:46:30","date_gmt":"2024-02-20T16:46:30","guid":{"rendered":"https:\/\/pop-co.fr\/index.php\/product\/fnaf-security-breach-figurine-mystere\/"},"modified":"2025-06-28T13:12:36","modified_gmt":"2025-06-28T11:12:36","slug":"fnaf-security-breach-figurine-mystere","status":"publish","type":"product","link":"https:\/\/pop-co.fr\/index.php\/product\/fnaf-security-breach-figurine-mystere\/","title":{"rendered":"FNAF &#8211; Security breach &#8211; Figurine myst\u00e8re"},"content":{"rendered":"<p>*ATTENTION PRODUIT AL\u00c9ATOIRE NE POUVANT \u00caTRE RETOURN\u00c9*<\/p>\n<p>Venez voir ces magnifiques animatronics de la Pizzeria de Freddy Fazbear sur le th\u00e8me du cirque ! Toujours aussi adorables, ils veulent \u00eatre vos amis et vous promettent qu&rsquo;ils ne vous mordront pas.<br \/>\nLes personnages pr\u00e9f\u00e9r\u00e9s de tout le monde, comme Foxy, Chica, Bonnie et l&#8217;embl\u00e9matique Freddy Fazbear, sont pr\u00eats \u00e0 s&rsquo;imposer dans votre collection Funko ! Quel est le pire qui puisse arriver ?<\/p>\n<p>La figurine en vinyle mesure au maximum 7,6 cm, la hauteur varie en fonction de la figurine. Une seule figurine par paquet.<\/p>\n","protected":false},"excerpt":{"rendered":"<p>*ATTENTION PRODUIT AL\u00c9ATOIRE NE POUVANT \u00caTRE RETOURN\u00c9* Venez voir ces magnifiques animatronics de la Pizzeria de Freddy Fazbear sur le th\u00e8me du cirque ! Toujours aussi adorables, ils veulent \u00eatre vos amis et vous promettent qu&rsquo;ils ne vous mordront pas. Les personnages pr\u00e9f\u00e9r\u00e9s de tout le monde, comme Foxy, Chica, Bonnie et l&#8217;embl\u00e9matique Freddy Fazbear, [&hellip;]<\/p>\n","protected":false},"featured_media":149056,"comment_status":"open","ping_status":"closed","template":"","meta":[],"product_cat":[38,34],"product_tag":[],"aioseo_notices":[],"jetpack_sharing_enabled":true,"_links":{"self":[{"href":"https:\/\/pop-co.fr\/index.php\/wp-json\/wp\/v2\/product\/1727"}],"collection":[{"href":"https:\/\/pop-co.fr\/index.php\/wp-json\/wp\/v2\/product"}],"about":[{"href":"https:\/\/pop-co.fr\/index.php\/wp-json\/wp\/v2\/types\/product"}],"replies":[{"embeddable":true,"href":"https:\/\/pop-co.fr\/index.php\/wp-json\/wp\/v2\/comments?post=1727"}],"version-history":[{"count":0,"href":"https:\/\/pop-co.fr\/index.php\/wp-json\/wp\/v2\/product\/1727\/revisions"}],"wp:featuredmedia":[{"embeddable":true,"href":"https:\/\/pop-co.fr\/index.php\/wp-json\/wp\/v2\/media\/149056"}],"wp:attachment":[{"href":"https:\/\/pop-co.fr\/index.php\/wp-json\/wp\/v2\/media?parent=1727"}],"wp:term":[{"taxonomy":"product_cat","embeddable":true,"href":"https:\/\/pop-co.fr\/index.php\/wp-json\/wp\/v2\/product_cat?post=1727"},{"taxonomy":"product_tag","embeddable":true,"href":"https:\/\/pop-co.fr\/index.php\/wp-json\/wp\/v2\/product_tag?post=1727"}],"curies":[{"name":"wp","href":"https:\/\/api.w.org\/{rel}","templated":true}]}}