{"id":172875,"date":"2024-10-05T18:34:58","date_gmt":"2024-10-05T16:34:58","guid":{"rendered":"https:\/\/pop-co.fr\/index.php\/product\/maquette-tonecheer-lepicerie-japonaise-serre-livres\/"},"modified":"2025-06-28T12:21:45","modified_gmt":"2025-06-28T10:21:45","slug":"maquette-tonecheer-lepicerie-japonaise-serre-livres","status":"publish","type":"product","link":"https:\/\/pop-co.fr\/index.php\/product\/maquette-tonecheer-lepicerie-japonaise-serre-livres\/","title":{"rendered":"MAQUETTE &#8211; TONECHEER &#8211; L&rsquo;\u00e9picerie japonaise (serre-livres)"},"content":{"rendered":"<p>D\u00e9corations d&rsquo;\u00e9tag\u00e8re : votre biblioth\u00e8que ne sera plus monotone, mais deviendra beaucoup plus int\u00e9ressante, rendant chaque minute de votre lecture ou de celle de votre proche plus amusante que jamais.<\/p>\n<p>Capteur intelligent et lumi\u00e8re LED chaude : non seulement cela rend votre biblioth\u00e8que plus belle, mais vous invite \u00e9galement \u00e0 chaque fois que vous vous rapprochez. Lorsque le capteur se trouve \u00e0 environ 20 pouces, la LED s&rsquo;allumera automatiquement et s&rsquo;\u00e9teindra apr\u00e8s 1 \u00e0 2 minutes.<\/p>\n","protected":false},"excerpt":{"rendered":"<p>D\u00e9corations d&rsquo;\u00e9tag\u00e8re : votre biblioth\u00e8que ne sera plus monotone, mais deviendra beaucoup plus int\u00e9ressante, rendant chaque minute de votre lecture ou de celle de votre proche plus amusante que jamais. Capteur intelligent et lumi\u00e8re LED chaude : non seulement cela rend votre biblioth\u00e8que plus belle, mais vous invite \u00e9galement \u00e0 chaque fois que vous vous [&hellip;]<\/p>\n","protected":false},"featured_media":349351,"comment_status":"open","ping_status":"closed","template":"","meta":[],"product_cat":[82,39],"product_tag":[],"aioseo_notices":[],"jetpack_sharing_enabled":true,"_links":{"self":[{"href":"https:\/\/pop-co.fr\/index.php\/wp-json\/wp\/v2\/product\/172875"}],"collection":[{"href":"https:\/\/pop-co.fr\/index.php\/wp-json\/wp\/v2\/product"}],"about":[{"href":"https:\/\/pop-co.fr\/index.php\/wp-json\/wp\/v2\/types\/product"}],"replies":[{"embeddable":true,"href":"https:\/\/pop-co.fr\/index.php\/wp-json\/wp\/v2\/comments?post=172875"}],"version-history":[{"count":0,"href":"https:\/\/pop-co.fr\/index.php\/wp-json\/wp\/v2\/product\/172875\/revisions"}],"wp:featuredmedia":[{"embeddable":true,"href":"https:\/\/pop-co.fr\/index.php\/wp-json\/wp\/v2\/media\/349351"}],"wp:attachment":[{"href":"https:\/\/pop-co.fr\/index.php\/wp-json\/wp\/v2\/media?parent=172875"}],"wp:term":[{"taxonomy":"product_cat","embeddable":true,"href":"https:\/\/pop-co.fr\/index.php\/wp-json\/wp\/v2\/product_cat?post=172875"},{"taxonomy":"product_tag","embeddable":true,"href":"https:\/\/pop-co.fr\/index.php\/wp-json\/wp\/v2\/product_tag?post=172875"}],"curies":[{"name":"wp","href":"https:\/\/api.w.org\/{rel}","templated":true}]}}