{"id":172884,"date":"2024-10-05T18:35:31","date_gmt":"2024-10-05T16:35:31","guid":{"rendered":"https:\/\/pop-co.fr\/index.php\/product\/maquette-robotime-sakura-journey\/"},"modified":"2025-06-28T12:21:42","modified_gmt":"2025-06-28T10:21:42","slug":"maquette-robotime-sakura-journey","status":"publish","type":"product","link":"https:\/\/pop-co.fr\/index.php\/product\/maquette-robotime-sakura-journey\/","title":{"rendered":"MAQUETTE &#8211; ROBOTIME &#8211; Sakura Journey"},"content":{"rendered":"<p>Le train Sakura part directement de la gare de Kamakurakokomae, en face du lyc\u00e9e de Kamakura, et vous invite \u00e0 un voyage passionnant avec votre bien-aim\u00e9. Soyez un touriste le temps d&rsquo;une journ\u00e9e en vous promenant tranquillement le long de la c\u00f4te, o\u00f9 les fen\u00eatres sont suffisamment larges pour profiter du magnifique ciel bleu, du chant des oiseaux et de la rivi\u00e8re \u00e9tincelante. Profitez des majestueux sakura plant\u00e9s \u00e0 c\u00f4t\u00e9 des pistes qui mettent en valeur leur beaut\u00e9 \u00e9th\u00e9r\u00e9e et leurs fleurs d\u00e9licates.<\/p>\n","protected":false},"excerpt":{"rendered":"<p>Le train Sakura part directement de la gare de Kamakurakokomae, en face du lyc\u00e9e de Kamakura, et vous invite \u00e0 un voyage passionnant avec votre bien-aim\u00e9. Soyez un touriste le temps d&rsquo;une journ\u00e9e en vous promenant tranquillement le long de la c\u00f4te, o\u00f9 les fen\u00eatres sont suffisamment larges pour profiter du magnifique ciel bleu, du [&hellip;]<\/p>\n","protected":false},"featured_media":349371,"comment_status":"open","ping_status":"closed","template":"","meta":[],"product_cat":[82,39],"product_tag":[],"aioseo_notices":[],"jetpack_sharing_enabled":true,"_links":{"self":[{"href":"https:\/\/pop-co.fr\/index.php\/wp-json\/wp\/v2\/product\/172884"}],"collection":[{"href":"https:\/\/pop-co.fr\/index.php\/wp-json\/wp\/v2\/product"}],"about":[{"href":"https:\/\/pop-co.fr\/index.php\/wp-json\/wp\/v2\/types\/product"}],"replies":[{"embeddable":true,"href":"https:\/\/pop-co.fr\/index.php\/wp-json\/wp\/v2\/comments?post=172884"}],"version-history":[{"count":0,"href":"https:\/\/pop-co.fr\/index.php\/wp-json\/wp\/v2\/product\/172884\/revisions"}],"wp:featuredmedia":[{"embeddable":true,"href":"https:\/\/pop-co.fr\/index.php\/wp-json\/wp\/v2\/media\/349371"}],"wp:attachment":[{"href":"https:\/\/pop-co.fr\/index.php\/wp-json\/wp\/v2\/media?parent=172884"}],"wp:term":[{"taxonomy":"product_cat","embeddable":true,"href":"https:\/\/pop-co.fr\/index.php\/wp-json\/wp\/v2\/product_cat?post=172884"},{"taxonomy":"product_tag","embeddable":true,"href":"https:\/\/pop-co.fr\/index.php\/wp-json\/wp\/v2\/product_tag?post=172884"}],"curies":[{"name":"wp","href":"https:\/\/api.w.org\/{rel}","templated":true}]}}