{"id":1740,"date":"2024-02-20T17:47:04","date_gmt":"2024-02-20T16:47:04","guid":{"rendered":"https:\/\/pop-co.fr\/index.php\/product\/carnet-stylo-lumineux-one-piece-skull-netflix\/"},"modified":"2025-06-28T13:13:11","modified_gmt":"2025-06-28T11:13:11","slug":"carnet-stylo-lumineux-one-piece-skull-netflix","status":"publish","type":"product","link":"https:\/\/pop-co.fr\/index.php\/product\/carnet-stylo-lumineux-one-piece-skull-netflix\/","title":{"rendered":"CARNET + STYLO LUMINEUX &#8211; ONE PIECE &#8211; Skull (Netflix)"},"content":{"rendered":"<p>Cahier A5 avec stylo de projection. Avec couverture pellicul\u00e9e mate, int\u00e9rieur personnalis\u00e9, coins arrondis et reliure coll\u00e9e. Comprend 96 feuilles (192 pages) d&rsquo;une \u00e9paisseur de 100 g.<\/p>\n","protected":false},"excerpt":{"rendered":"<p>Cahier A5 avec stylo de projection. Avec couverture pellicul\u00e9e mate, int\u00e9rieur personnalis\u00e9, coins arrondis et reliure coll\u00e9e. Comprend 96 feuilles (192 pages) d&rsquo;une \u00e9paisseur de 100 g.<\/p>\n","protected":false},"featured_media":149063,"comment_status":"open","ping_status":"closed","template":"","meta":[],"product_cat":[17,22],"product_tag":[],"aioseo_notices":[],"jetpack_sharing_enabled":true,"_links":{"self":[{"href":"https:\/\/pop-co.fr\/index.php\/wp-json\/wp\/v2\/product\/1740"}],"collection":[{"href":"https:\/\/pop-co.fr\/index.php\/wp-json\/wp\/v2\/product"}],"about":[{"href":"https:\/\/pop-co.fr\/index.php\/wp-json\/wp\/v2\/types\/product"}],"replies":[{"embeddable":true,"href":"https:\/\/pop-co.fr\/index.php\/wp-json\/wp\/v2\/comments?post=1740"}],"version-history":[{"count":0,"href":"https:\/\/pop-co.fr\/index.php\/wp-json\/wp\/v2\/product\/1740\/revisions"}],"wp:featuredmedia":[{"embeddable":true,"href":"https:\/\/pop-co.fr\/index.php\/wp-json\/wp\/v2\/media\/149063"}],"wp:attachment":[{"href":"https:\/\/pop-co.fr\/index.php\/wp-json\/wp\/v2\/media?parent=1740"}],"wp:term":[{"taxonomy":"product_cat","embeddable":true,"href":"https:\/\/pop-co.fr\/index.php\/wp-json\/wp\/v2\/product_cat?post=1740"},{"taxonomy":"product_tag","embeddable":true,"href":"https:\/\/pop-co.fr\/index.php\/wp-json\/wp\/v2\/product_tag?post=1740"}],"curies":[{"name":"wp","href":"https:\/\/api.w.org\/{rel}","templated":true}]}}