{"id":17407,"date":"2024-02-20T23:39:56","date_gmt":"2024-02-20T22:39:56","guid":{"rendered":"https:\/\/pop-co.fr\/index.php\/product\/coffret-pokemon-pokeball\/"},"modified":"2025-07-29T10:13:15","modified_gmt":"2025-07-29T08:13:15","slug":"coffret-pokemon-pokeball","status":"publish","type":"product","link":"https:\/\/pop-co.fr\/index.php\/product\/coffret-pokemon-pokeball\/","title":{"rendered":"COFFRET &#8211; POKEMON &#8211; Pokeball"},"content":{"rendered":"<p>Ce coffret cadeau par GB Eye ravira les plus grands fans de Pok\u00e9mon !<br \/>\nDresseur Pokemon c&rsquo;est \u00e0 vous de tous les attraper !<br \/>\nCe coffret contient :<br \/>\n&#8211; 1 verre \u00e0 pinte exclusif<br \/>\n&#8211; 1 mug color\u00e9 exclusif<br \/>\n&#8211; 2 dessous de verre<br \/>\n&#8211; Les designs exclusifs ne sont pas disponibles \u00e0 l&rsquo;achat s\u00e9par\u00e9ment<br \/>\n&#8211; Dimensions : 22 x 16.5 x 10 cm<br \/>\n&#8211; Packaging collector unique \u00e0 la licence<\/p>\n","protected":false},"excerpt":{"rendered":"<p>Ce coffret cadeau par GB Eye ravira les plus grands fans de Pok\u00e9mon ! Dresseur Pokemon c&rsquo;est \u00e0 vous de tous les attraper ! Ce coffret contient : &#8211; 1 verre \u00e0 pinte exclusif &#8211; 1 mug color\u00e9 exclusif &#8211; 2 dessous de verre &#8211; Les designs exclusifs ne sont pas disponibles \u00e0 l&rsquo;achat s\u00e9par\u00e9ment [&hellip;]<\/p>\n","protected":false},"featured_media":355399,"comment_status":"open","ping_status":"closed","template":"","meta":[],"product_cat":[34,20],"product_tag":[],"aioseo_notices":[],"jetpack_sharing_enabled":true,"_links":{"self":[{"href":"https:\/\/pop-co.fr\/index.php\/wp-json\/wp\/v2\/product\/17407"}],"collection":[{"href":"https:\/\/pop-co.fr\/index.php\/wp-json\/wp\/v2\/product"}],"about":[{"href":"https:\/\/pop-co.fr\/index.php\/wp-json\/wp\/v2\/types\/product"}],"replies":[{"embeddable":true,"href":"https:\/\/pop-co.fr\/index.php\/wp-json\/wp\/v2\/comments?post=17407"}],"version-history":[{"count":0,"href":"https:\/\/pop-co.fr\/index.php\/wp-json\/wp\/v2\/product\/17407\/revisions"}],"wp:featuredmedia":[{"embeddable":true,"href":"https:\/\/pop-co.fr\/index.php\/wp-json\/wp\/v2\/media\/355399"}],"wp:attachment":[{"href":"https:\/\/pop-co.fr\/index.php\/wp-json\/wp\/v2\/media?parent=17407"}],"wp:term":[{"taxonomy":"product_cat","embeddable":true,"href":"https:\/\/pop-co.fr\/index.php\/wp-json\/wp\/v2\/product_cat?post=17407"},{"taxonomy":"product_tag","embeddable":true,"href":"https:\/\/pop-co.fr\/index.php\/wp-json\/wp\/v2\/product_tag?post=17407"}],"curies":[{"name":"wp","href":"https:\/\/api.w.org\/{rel}","templated":true}]}}