{"id":174383,"date":"2024-10-11T13:42:42","date_gmt":"2024-10-11T11:42:42","guid":{"rendered":"https:\/\/pop-co.fr\/index.php\/product\/ramune-snack-litchi-20cl\/"},"modified":"2025-09-15T17:27:41","modified_gmt":"2025-09-15T15:27:41","slug":"ramune-snack-litchi-20cl","status":"publish","type":"product","link":"https:\/\/pop-co.fr\/index.php\/product\/ramune-snack-litchi-20cl\/","title":{"rendered":"RAMUNE &#8211; SNACK &#8211; Litchi 20cl"},"content":{"rendered":"<p>Limonade japonaise Ramune go\u00fbt Litchi 200ML<\/p>\n<p>Ingr\u00e9dients : <\/p>\n<p>Eau, sirop de ma\u00efs concentr\u00e9 en fructose, sucre, r\u00e9gulateur<br \/>\nd&rsquo;acidit\u00e9 E290, E330, ar\u00f4me<\/p>\n<p>Bouteille en verre.<\/p>\n<p>_Fabriqu\u00e9 au Japon._<\/p>\n<p>Voir plus<br \/>\nPoids net<br \/>\n300g<\/p>\n","protected":false},"excerpt":{"rendered":"<p>Limonade japonaise Ramune go\u00fbt Litchi 200ML Ingr\u00e9dients : Eau, sirop de ma\u00efs concentr\u00e9 en fructose, sucre, r\u00e9gulateur d&rsquo;acidit\u00e9 E290, E330, ar\u00f4me Bouteille en verre. _Fabriqu\u00e9 au Japon._ Voir plus Poids net 300g<\/p>\n","protected":false},"featured_media":358611,"comment_status":"open","ping_status":"closed","template":"","meta":[],"product_cat":[77],"product_tag":[],"aioseo_notices":[],"jetpack_sharing_enabled":true,"_links":{"self":[{"href":"https:\/\/pop-co.fr\/index.php\/wp-json\/wp\/v2\/product\/174383"}],"collection":[{"href":"https:\/\/pop-co.fr\/index.php\/wp-json\/wp\/v2\/product"}],"about":[{"href":"https:\/\/pop-co.fr\/index.php\/wp-json\/wp\/v2\/types\/product"}],"replies":[{"embeddable":true,"href":"https:\/\/pop-co.fr\/index.php\/wp-json\/wp\/v2\/comments?post=174383"}],"version-history":[{"count":0,"href":"https:\/\/pop-co.fr\/index.php\/wp-json\/wp\/v2\/product\/174383\/revisions"}],"wp:featuredmedia":[{"embeddable":true,"href":"https:\/\/pop-co.fr\/index.php\/wp-json\/wp\/v2\/media\/358611"}],"wp:attachment":[{"href":"https:\/\/pop-co.fr\/index.php\/wp-json\/wp\/v2\/media?parent=174383"}],"wp:term":[{"taxonomy":"product_cat","embeddable":true,"href":"https:\/\/pop-co.fr\/index.php\/wp-json\/wp\/v2\/product_cat?post=174383"},{"taxonomy":"product_tag","embeddable":true,"href":"https:\/\/pop-co.fr\/index.php\/wp-json\/wp\/v2\/product_tag?post=174383"}],"curies":[{"name":"wp","href":"https:\/\/api.w.org\/{rel}","templated":true}]}}