{"id":174387,"date":"2024-10-11T13:42:45","date_gmt":"2024-10-11T11:42:45","guid":{"rendered":"https:\/\/pop-co.fr\/index.php\/product\/ramune-snack-melon-20cl\/"},"modified":"2025-07-12T19:05:47","modified_gmt":"2025-07-12T17:05:47","slug":"ramune-snack-melon-20cl","status":"publish","type":"product","link":"https:\/\/pop-co.fr\/index.php\/product\/ramune-snack-melon-20cl\/","title":{"rendered":"RAMUNE &#8211; SNACK &#8211; Melon 20cl"},"content":{"rendered":"<p>Limonade japonaise Ramune go\u00fbt Melon 200ML<\/p>\n<p>Ingr\u00e9dients : <\/p>\n<p>Eau, sirop de ma\u00efs concentr\u00e9 en fructose, sucre, acide citrique E330<br \/>\nE290, ar\u00f4me, colorant E102 E133<\/p>\n<p>Bouteille en verre.<\/p>\n<p>_Fabriqu\u00e9 au Japon._<\/p>\n","protected":false},"excerpt":{"rendered":"<p>Limonade japonaise Ramune go\u00fbt Melon 200ML Ingr\u00e9dients : Eau, sirop de ma\u00efs concentr\u00e9 en fructose, sucre, acide citrique E330 E290, ar\u00f4me, colorant E102 E133 Bouteille en verre. _Fabriqu\u00e9 au Japon._<\/p>\n","protected":false},"featured_media":354466,"comment_status":"open","ping_status":"closed","template":"","meta":[],"product_cat":[77],"product_tag":[],"aioseo_notices":[],"jetpack_sharing_enabled":true,"_links":{"self":[{"href":"https:\/\/pop-co.fr\/index.php\/wp-json\/wp\/v2\/product\/174387"}],"collection":[{"href":"https:\/\/pop-co.fr\/index.php\/wp-json\/wp\/v2\/product"}],"about":[{"href":"https:\/\/pop-co.fr\/index.php\/wp-json\/wp\/v2\/types\/product"}],"replies":[{"embeddable":true,"href":"https:\/\/pop-co.fr\/index.php\/wp-json\/wp\/v2\/comments?post=174387"}],"version-history":[{"count":0,"href":"https:\/\/pop-co.fr\/index.php\/wp-json\/wp\/v2\/product\/174387\/revisions"}],"wp:featuredmedia":[{"embeddable":true,"href":"https:\/\/pop-co.fr\/index.php\/wp-json\/wp\/v2\/media\/354466"}],"wp:attachment":[{"href":"https:\/\/pop-co.fr\/index.php\/wp-json\/wp\/v2\/media?parent=174387"}],"wp:term":[{"taxonomy":"product_cat","embeddable":true,"href":"https:\/\/pop-co.fr\/index.php\/wp-json\/wp\/v2\/product_cat?post=174387"},{"taxonomy":"product_tag","embeddable":true,"href":"https:\/\/pop-co.fr\/index.php\/wp-json\/wp\/v2\/product_tag?post=174387"}],"curies":[{"name":"wp","href":"https:\/\/api.w.org\/{rel}","templated":true}]}}